{"id":97,"date":"2017-10-02T14:50:50","date_gmt":"2017-10-02T12:50:50","guid":{"rendered":"http:\/\/chiomedoro.com\/?page_id=97"},"modified":"2017-11-19T14:20:23","modified_gmt":"2017-11-19T13:20:23","slug":"giona-entre-lumiere-divine-et-musique-marine","status":"publish","type":"page","link":"https:\/\/chiomedoro.com\/index.php\/giona-entre-lumiere-divine-et-musique-marine\/","title":{"rendered":"Giona : entre lumi\u00e8re divine et musique marine"},"content":{"rendered":"<h4>Oratorio <em>Giona<\/em> de Giovanni Battista Bassani mis en lumi\u00e8re et sc\u00e9nographi\u00e9 par David Debrinay, cr\u00e9ateur lumi\u00e8res.<\/h4>\n<h5><strong>D\u00e9marche musicale: <\/strong><\/h5>\n<p>Au milieu du XVII<sup>e<\/sup> si\u00e8cle, dans le nord de l\u2019Italie, le c\u0153ur de l\u2019oratorio moderne bat d\u00e9j\u00e0 pour rythmer le calendrier religieux. Nouvellement nomm\u00e9 ma\u00eetre de chapelle \u00e0 la cath\u00e9drale de Bergame, Giovanni Battista Bassani compose en 1689 un oratorio \u00e0 5 voix avec instruments, <em>Giona<\/em>, condens\u00e9 d\u2019inventivit\u00e9, dans lequel on retrouve tous les codes musicaux inh\u00e9rents au contexte religieux, autour de l\u2019histoire biblique de Jonas, mais \u00e9galement les \u00e9motions centrifuges de l\u2019op\u00e9ra. Les r\u00e9citatifs (parfois\u00a0 accompagn\u00e9s) faisant avancer l\u2019action, les airs virtuoses de la basse qui nous racontent l\u2019histoire, les duos de soprani, les ensembles de style madrigalesque, les magnifiques airs accompagn\u00e9s de Giona, les ouvertures et <em>sinfoni<\/em> orchestrales : tous sont au service d\u2019une musique illustratrice des sentiments et de la r\u00e9flexion des protagonistes, le tout condens\u00e9 dans un oratorio relativement court d\u2019environ une heure, dont voici l\u2019histoire :<\/p>\n<p>Dieu ordonne \u00e0 Jonas, proph\u00e8te de l\u2019Ancien Testament et fils d\u2019Amittha\u00ef, d\u2019aller pr\u00eacher dans la ville de Ninive, mais Jonas d\u00e9cide de s\u2019enfuir \u00e0 bord d\u2019un navire. Celui-ci est pris dans une temp\u00eate et manque de sombrer. Jonas finit par r\u00e9v\u00e9ler aux autres membres d\u2019\u00e9quipage qu\u2019il est la cause de cette temp\u00eate, car il a refus\u00e9 d\u2019ob\u00e9ir \u00e0 Dieu. Ceux-ci le jettent alors par dessus bord pour calmer la temp\u00eate et il se fait avaler par un \u00e9norme poisson.<br \/>\nPendant trois jours et trois nuits, Jonas se tourne vers Dieu, le prie intens\u00e9ment, avant d\u2019\u00eatre finalement recrach\u00e9 par le poisson. L\u2019oratorio se termine avec l\u2019arriv\u00e9e de Jonas \u00e0 Ninive.<\/p>\n<h5><strong>D\u00e9marche sc\u00e9nographique, la lumi\u00e8re : <\/strong><\/h5>\n<p>Notre spectacle est n\u00e9 de l\u2019envie d\u2019offrir au public une proposition de concert sortant de l\u2019ordinaire : jouer <em>Giona<\/em>, ce magnifique oratorio si peu connu de Bassani, en exprimant toute la puissante dramaturgie de cette \u0153uvre par une mise en lumi\u00e8re totale et mouvante du lieu. La musique baroque s\u2019est tr\u00e8s souvent inspir\u00e9e du principe pictural du \u00ab Clair-Obscur \u00bb pour l\u2019expression des affects du texte en musique. Nous faisons ici la d\u00e9marche inverse en utilisant cette fois toute la force de la lumi\u00e8re pour raconter autant la Puissance Divine que la terreur d\u2019une temp\u00eate en pleine mer, d\u00e9crites dans la musique. Quoi de plus intense que la lumi\u00e8re &#8211; ou justement l\u2019absence de lumi\u00e8re &#8211; pour exprimer la solitude d\u2019une retraite forc\u00e9e de trois jours dans une baleine\u2026<\/p>\n<p>La lumi\u00e8re jaillissant de toutes les splendeurs architecturales d\u2019une \u00e9glise, mais \u00e9galement, par exemple, de sous les chaises des spectateurs, permet donc de placer le public au c\u0153ur de la repr\u00e9sentation et ainsi de le plonger dans une toute nouvelle conception du concert en trois dimensions. Dans ce dispositif immersif, il n\u2019est plus dans un rapport analytique, mais, sensitif \u00e0 ce qu\u2019il voit et entend. En cr\u00e9ant, par la lumi\u00e8re, une unit\u00e9 entre les artistes et les spectateurs, nous faisons d\u2019un simple concert une exp\u00e9rience sensorielle unique.<\/p>\n<p>Ce spectacle a \u00e9t\u00e9 cr\u00e9\u00e9 en juin 2016 et ne demandera donc que deux jours d\u2019adaptation sur le lieu avant la repr\u00e9sentation, notamment pour la mise en place du mat\u00e9riel technique.<\/p>\n<p><strong>Distribution :<br \/>\n<\/strong><em>Giona<\/em> : Maximiliano Ba\u00f1os, alto<br \/>\n<em>Testo<\/em> : Renaud Delaigue, basse<br \/>\nS<em>perenza<\/em> : Capucine Keller, soprano<br \/>\n<em>Obbedienza<\/em> : Claudia Conese, soprano<br \/>\n<em>Atrebate<\/em> : Valerio Contaldo, t\u00e9nor<\/p>\n<p><strong>Direction musicale : <\/strong>Pierre-Louis R\u00e9tat<strong><br \/>\n<\/strong>Ensemble Chiome d\u2019Oro compos\u00e9 de 10 instrumentistes<\/p>\n<p><strong>Cr\u00e9ation lumi\u00e8res :<\/strong> David Debrinay + assistant<\/p>\n<p><strong>Total :<\/strong> 17 intervenants<\/p>\n<p><strong>Dur\u00e9e :<\/strong> 1h30 environ<\/p>\n","protected":false},"excerpt":{"rendered":"<p>Oratorio Giona de Giovanni Battista Bassani mis en lumi\u00e8re et sc\u00e9nographi\u00e9 par David Debrinay, cr\u00e9ateur lumi\u00e8res. D\u00e9marche musicale: Au milieu du XVIIe si\u00e8cle, dans le nord de l\u2019Italie, le c\u0153ur de l\u2019oratorio moderne bat d\u00e9j\u00e0 pour rythmer le calendrier religieux. Nouvellement nomm\u00e9 ma\u00eetre de chapelle \u00e0 la cath\u00e9drale de Bergame, Giovanni Battista Bassani compose en [&hellip;]<\/p>\n","protected":false},"author":2,"featured_media":709,"parent":0,"menu_order":0,"comment_status":"closed","ping_status":"closed","template":"templates\/no-sidebar.php","meta":{"footnotes":""},"class_list":["post-97","page","type-page","status-publish","has-post-thumbnail","hentry"],"jetpack_sharing_enabled":true,"jetpack_shortlink":"https:\/\/wp.me\/P9gKRr-1z","jetpack_likes_enabled":true,"jetpack-related-posts":[{"id":25,"url":"https:\/\/chiomedoro.com\/index.php\/lensemble\/","url_meta":{"origin":97,"position":0},"title":"L&rsquo;Ensemble","author":"Admin","date":"26 septembre 2017","format":false,"excerpt":"ENSEMBLE CHIOME D\u2019ORO \u2013 Pierre-Louis R\u00e9tat, direction Fond\u00e9 en 2010 \u00e0 Gen\u00e8ve par le claveciniste Pierre-Louis R\u00e9tat et la soprano Capucine Keller, l\u2019ensemble Chiome d\u2019Oro doit son nom \u00e0 l\u2019un des madrigaux de Claudio Monteverdi \u00e0 qui les musiciens rendent ainsi hommage. D\u00e8s sa premi\u00e8re ann\u00e9e, l\u2019ensemble a b\u00e9n\u00e9fici\u00e9 du\u2026","rel":"","context":"Article similaire","block_context":{"text":"Article similaire","link":""},"img":{"alt_text":"","src":"https:\/\/i0.wp.com\/chiomedoro.com\/wp-content\/uploads\/2017\/09\/img0073.jpg?fit=809%2C435&ssl=1&resize=350%2C200","width":350,"height":200,"srcset":"https:\/\/i0.wp.com\/chiomedoro.com\/wp-content\/uploads\/2017\/09\/img0073.jpg?fit=809%2C435&ssl=1&resize=350%2C200 1x, https:\/\/i0.wp.com\/chiomedoro.com\/wp-content\/uploads\/2017\/09\/img0073.jpg?fit=809%2C435&ssl=1&resize=525%2C300 1.5x, https:\/\/i0.wp.com\/chiomedoro.com\/wp-content\/uploads\/2017\/09\/img0073.jpg?fit=809%2C435&ssl=1&resize=700%2C400 2x"},"classes":[]},{"id":43,"url":"https:\/\/chiomedoro.com\/index.php\/contact\/nous-soutenir\/","url_meta":{"origin":97,"position":1},"title":"Nous soutenir","author":"Admin","date":"26 septembre 2017","format":false,"excerpt":"L\u2019ensemble Chiome d\u2019Oro, qui existe depuis 2010, a pris un tout autre envol depuis la cr\u00e9ation de l\u2019association des amis de Chiome d\u2019Oro en 2013. Gr\u00e2ce au soutien de ses membres dont la cotisation s\u2019apparente \u00e0 un petit m\u00e9c\u00e9nat, les musiciens de l\u2019ensemble peuvent esp\u00e9rer r\u00e9aliser leurs id\u00e9es les plus\u2026","rel":"","context":"Article similaire","block_context":{"text":"Article similaire","link":""},"img":{"alt_text":"","src":"","width":0,"height":0},"classes":[]},{"id":80,"url":"https:\/\/chiomedoro.com\/index.php\/le-theatre-du-monde\/","url_meta":{"origin":97,"position":2},"title":"Le Th\u00e9\u00e2tre du Monde","author":"Noemie","date":"2 octobre 2017","format":false,"excerpt":"Les affetti dans la musique s\u00e9culaire du\u00a0 XVIIe si\u00e8cle italien Au tournant du\u00a0 XVIIe si\u00e8cle, certains compositeurs ont cherch\u00e9 divers moyens de mettre en sc\u00e8ne les \u00e9motions humaines. Ainsi, pour la premi\u00e8re fois, l\u2019amour, la haine et le d\u00e9sespoir se c\u00f4toient non seulement dans le texte, mais \u00e9galement dans la\u2026","rel":"","context":"Article similaire","block_context":{"text":"Article similaire","link":""},"img":{"alt_text":"","src":"https:\/\/i0.wp.com\/chiomedoro.com\/wp-content\/uploads\/2017\/10\/TheatreDuMonde.jpg?fit=1200%2C411&ssl=1&resize=350%2C200","width":350,"height":200,"srcset":"https:\/\/i0.wp.com\/chiomedoro.com\/wp-content\/uploads\/2017\/10\/TheatreDuMonde.jpg?fit=1200%2C411&ssl=1&resize=350%2C200 1x, https:\/\/i0.wp.com\/chiomedoro.com\/wp-content\/uploads\/2017\/10\/TheatreDuMonde.jpg?fit=1200%2C411&ssl=1&resize=525%2C300 1.5x, https:\/\/i0.wp.com\/chiomedoro.com\/wp-content\/uploads\/2017\/10\/TheatreDuMonde.jpg?fit=1200%2C411&ssl=1&resize=700%2C400 2x, https:\/\/i0.wp.com\/chiomedoro.com\/wp-content\/uploads\/2017\/10\/TheatreDuMonde.jpg?fit=1200%2C411&ssl=1&resize=1050%2C600 3x"},"classes":[]},{"id":93,"url":"https:\/\/chiomedoro.com\/index.php\/monteverdi-vivaldi-les-deux-lumieres-du-baroque\/","url_meta":{"origin":97,"position":3},"title":"Monteverdi-Vivaldi : les deux lumi\u00e8res du baroque","author":"Noemie","date":"2 octobre 2017","format":false,"excerpt":"Des polyphonies \u00e9clatantes de Gabrieli au style flamboyant de Vivaldi, en passant bien s\u00fbr par l\u2019illustre Monteverdi, tout cela s\u2019est pass\u00e9 \u00e0 Venise. En effet, cette ville commer\u00e7ante riche et puissante, a encourag\u00e9 les arts, tant profanes que sacr\u00e9s. En abritant la recherche musicale (comme par exemple Zarlino) et les\u2026","rel":"","context":"Article similaire","block_context":{"text":"Article similaire","link":""},"img":{"alt_text":"","src":"https:\/\/i0.wp.com\/chiomedoro.com\/wp-content\/uploads\/2017\/10\/MonteverdiVivaldi.jpg?fit=1200%2C411&ssl=1&resize=350%2C200","width":350,"height":200,"srcset":"https:\/\/i0.wp.com\/chiomedoro.com\/wp-content\/uploads\/2017\/10\/MonteverdiVivaldi.jpg?fit=1200%2C411&ssl=1&resize=350%2C200 1x, https:\/\/i0.wp.com\/chiomedoro.com\/wp-content\/uploads\/2017\/10\/MonteverdiVivaldi.jpg?fit=1200%2C411&ssl=1&resize=525%2C300 1.5x, https:\/\/i0.wp.com\/chiomedoro.com\/wp-content\/uploads\/2017\/10\/MonteverdiVivaldi.jpg?fit=1200%2C411&ssl=1&resize=700%2C400 2x, https:\/\/i0.wp.com\/chiomedoro.com\/wp-content\/uploads\/2017\/10\/MonteverdiVivaldi.jpg?fit=1200%2C411&ssl=1&resize=1050%2C600 3x"},"classes":[]},{"id":1297,"url":"https:\/\/chiomedoro.com\/index.php\/choeur-amici\/","url_meta":{"origin":97,"position":4},"title":"Choeur Amici #2023","author":"Admin","date":"19 octobre 2021","format":false,"excerpt":"La polyphonie en Italie, en Espagne et au Nouveau Monde: l'\u00c2ge d'Or Le stage 2023 Amici, en collaboration avec l'ensemble Chiome d'Oro, sera consacr\u00e9 cette ann\u00e9e \u00e0 l'exploration de la polyphonie sacr\u00e9e. Au tournant du 17\u00e8me si\u00e8cle, la polyphonie atteint des sommets, que ce soit dans l'expression d'\u00e9motion, dans la\u2026","rel":"","context":"Article similaire","block_context":{"text":"Article similaire","link":""},"img":{"alt_text":"","src":"https:\/\/i0.wp.com\/chiomedoro.com\/wp-content\/uploads\/2023\/02\/L-interieur-cathedrale-Construite-partir-1155-Notre-Dame-Laon-aurait-inspire-concepteurs-celles-Paris-Chartres-Reims-Lausanne-Magdebourg_0.webp?resize=350%2C200&ssl=1","width":350,"height":200,"srcset":"https:\/\/i0.wp.com\/chiomedoro.com\/wp-content\/uploads\/2023\/02\/L-interieur-cathedrale-Construite-partir-1155-Notre-Dame-Laon-aurait-inspire-concepteurs-celles-Paris-Chartres-Reims-Lausanne-Magdebourg_0.webp?resize=350%2C200&ssl=1 1x, https:\/\/i0.wp.com\/chiomedoro.com\/wp-content\/uploads\/2023\/02\/L-interieur-cathedrale-Construite-partir-1155-Notre-Dame-Laon-aurait-inspire-concepteurs-celles-Paris-Chartres-Reims-Lausanne-Magdebourg_0.webp?resize=525%2C300&ssl=1 1.5x, https:\/\/i0.wp.com\/chiomedoro.com\/wp-content\/uploads\/2023\/02\/L-interieur-cathedrale-Construite-partir-1155-Notre-Dame-Laon-aurait-inspire-concepteurs-celles-Paris-Chartres-Reims-Lausanne-Magdebourg_0.webp?resize=700%2C400&ssl=1 2x"},"classes":[]},{"id":1101,"url":"https:\/\/chiomedoro.com\/index.php\/roma-amor\/","url_meta":{"origin":97,"position":5},"title":"Roma amoR","author":"Admin","date":"30 novembre 2019","format":false,"excerpt":"Le monde\u00a0 de l\u2019Antiquit\u00e9 gr\u00e9co-romaine, avec les figures h\u00e9ro\u00efques de son histoire, les h\u00e9ros tragiques de sa\u00a0 litt\u00e9rature et le peuple divin, aux sentiments si humains, de ses mythes, fascine depuis des\u00a0 si\u00e8cles. D\u00e8s la Renaissance, la red\u00e9couverte des textes antiques ravive la passion pour ce monde\u00a0 r\u00e9volu avant m\u00eame\u2026","rel":"","context":"Article similaire","block_context":{"text":"Article similaire","link":""},"img":{"alt_text":"","src":"","width":0,"height":0},"classes":[]}],"_links":{"self":[{"href":"https:\/\/chiomedoro.com\/index.php\/wp-json\/wp\/v2\/pages\/97","targetHints":{"allow":["GET"]}}],"collection":[{"href":"https:\/\/chiomedoro.com\/index.php\/wp-json\/wp\/v2\/pages"}],"about":[{"href":"https:\/\/chiomedoro.com\/index.php\/wp-json\/wp\/v2\/types\/page"}],"author":[{"embeddable":true,"href":"https:\/\/chiomedoro.com\/index.php\/wp-json\/wp\/v2\/users\/2"}],"replies":[{"embeddable":true,"href":"https:\/\/chiomedoro.com\/index.php\/wp-json\/wp\/v2\/comments?post=97"}],"version-history":[{"count":2,"href":"https:\/\/chiomedoro.com\/index.php\/wp-json\/wp\/v2\/pages\/97\/revisions"}],"predecessor-version":[{"id":740,"href":"https:\/\/chiomedoro.com\/index.php\/wp-json\/wp\/v2\/pages\/97\/revisions\/740"}],"wp:featuredmedia":[{"embeddable":true,"href":"https:\/\/chiomedoro.com\/index.php\/wp-json\/wp\/v2\/media\/709"}],"wp:attachment":[{"href":"https:\/\/chiomedoro.com\/index.php\/wp-json\/wp\/v2\/media?parent=97"}],"curies":[{"name":"wp","href":"https:\/\/api.w.org\/{rel}","templated":true}]}}