{"id":958,"date":"2019-04-03T21:17:10","date_gmt":"2019-04-03T19:17:10","guid":{"rendered":"http:\/\/chiomedoro.com\/?page_id=958"},"modified":"2021-10-19T11:56:31","modified_gmt":"2021-10-19T09:56:31","slug":"amici","status":"publish","type":"page","link":"https:\/\/chiomedoro.com\/index.php\/amici\/","title":{"rendered":"Stage choral \u00ab\u00a0Amici\u00a0\u00bb"},"content":{"rendered":"\n<div class=\"wp-block-image\"><figure class=\"aligncenter\"><img data-recalc-dims=\"1\" loading=\"lazy\" decoding=\"async\" width=\"562\" height=\"316\" data-attachment-id=\"962\" data-permalink=\"https:\/\/chiomedoro.com\/600x337_600x337_bernardo_strozzi_-_claudio_monteverdi_c-1630\/\" data-orig-file=\"https:\/\/i0.wp.com\/chiomedoro.com\/wp-content\/uploads\/2019\/04\/600x337_600x337_bernardo_strozzi_-_claudio_monteverdi_c.1630.jpg?fit=562%2C316&amp;ssl=1\" data-orig-size=\"562,316\" data-comments-opened=\"1\" data-image-meta=\"{&quot;aperture&quot;:&quot;0&quot;,&quot;credit&quot;:&quot;&quot;,&quot;camera&quot;:&quot;&quot;,&quot;caption&quot;:&quot;&quot;,&quot;created_timestamp&quot;:&quot;0&quot;,&quot;copyright&quot;:&quot;&quot;,&quot;focal_length&quot;:&quot;0&quot;,&quot;iso&quot;:&quot;0&quot;,&quot;shutter_speed&quot;:&quot;0&quot;,&quot;title&quot;:&quot;&quot;,&quot;orientation&quot;:&quot;0&quot;}\" data-image-title=\"600x337_600x337_bernardo_strozzi_-_claudio_monteverdi_c.1630\" data-image-description=\"\" data-image-caption=\"\" data-large-file=\"https:\/\/i0.wp.com\/chiomedoro.com\/wp-content\/uploads\/2019\/04\/600x337_600x337_bernardo_strozzi_-_claudio_monteverdi_c.1630.jpg?fit=562%2C316&amp;ssl=1\" src=\"https:\/\/i0.wp.com\/chiomedoro.com\/wp-content\/uploads\/2019\/04\/600x337_600x337_bernardo_strozzi_-_claudio_monteverdi_c.1630.jpg?resize=562%2C316&#038;ssl=1\" alt=\"\" class=\"wp-image-962\" srcset=\"https:\/\/i0.wp.com\/chiomedoro.com\/wp-content\/uploads\/2019\/04\/600x337_600x337_bernardo_strozzi_-_claudio_monteverdi_c.1630.jpg?w=562&amp;ssl=1 562w, https:\/\/i0.wp.com\/chiomedoro.com\/wp-content\/uploads\/2019\/04\/600x337_600x337_bernardo_strozzi_-_claudio_monteverdi_c.1630.jpg?resize=300%2C169&amp;ssl=1 300w\" sizes=\"auto, (max-width: 562px) 100vw, 562px\" \/><\/figure><\/div>\n\n\n\n<p>Apr\u00e8s plusieurs mois d&rsquo;attente, nous pouvons enfin vous proposer la suite du stage de l&rsquo;\u00e9t\u00e9 2021 . Nous resterons avec Claudio Monteverdi, 30 minutes de musique incroyable ! Avant toute chose, voila les dates et les modalit\u00e9s, le programme arrivera un peu plus tard, ainsi que le mat\u00e9riel audio pour le travail.<\/p>\n\n\n\n<p><strong>LES DATES<br><\/strong>\u2022 <strong>Week-end 1 <\/strong>: <strong>\u00e0 la Paroisse des Eaux-Vives (<\/strong>Pl. de Jargonnant 5, 1207 Gen\u00e8ve)<\/p>\n\n\n\n<p><strong>Samedi 12 f\u00e9vrier 2022 <\/strong>(10h-18h avec pause d\u00e9jeuner)<br><strong>Dimanche 13 f\u00e9vrier 2022 <\/strong>(12h30-18h sans pause d\u00e9jeuner)<\/p>\n\n\n\n<p>\u2022 <strong>Week-end 2 <\/strong>: <strong>\u00e0 la Paroisse des Eaux-Vives (<\/strong>Pl. de Jargonnant 5, 1207 Gen\u00e8ve)<\/p>\n\n\n\n<p> <strong>Samedi 28 mai 2022 <\/strong>(10h-18h avec pause d\u00e9jeuner)<br><strong>Dimanche 29 mai 2022 <\/strong>(10h-18h avec pause d\u00e9jeuner)<\/p>\n\n\n\n<p>\u2022 <strong>Week-end 3 <\/strong>: <strong>(lieu \u00e0 pr\u00e9ciser ult\u00e9rieurement)<\/strong><\/p>\n\n\n\n<p><strong>Samedi 27 <\/strong>(10h-18h avec pause d\u00e9jeuner)<br><strong>Dimanche 28 ao\u00fbt 2022 <\/strong>(10h-18h avec pause d\u00e9jeuner)<\/p>\n\n\n\n<p>P<strong>etit concert public \u00e0 la fin du stage<\/strong><\/p>\n\n\n\n<div class=\"wp-block-image\"><figure class=\"aligncenter is-resized\"><img data-recalc-dims=\"1\" loading=\"lazy\" decoding=\"async\" data-attachment-id=\"964\" data-permalink=\"https:\/\/chiomedoro.com\/monteverdi_ves\/\" data-orig-file=\"https:\/\/i0.wp.com\/chiomedoro.com\/wp-content\/uploads\/2019\/04\/monteverdi_ves.jpg?fit=500%2C670&amp;ssl=1\" data-orig-size=\"500,670\" data-comments-opened=\"1\" data-image-meta=\"{&quot;aperture&quot;:&quot;0&quot;,&quot;credit&quot;:&quot;&quot;,&quot;camera&quot;:&quot;&quot;,&quot;caption&quot;:&quot;&quot;,&quot;created_timestamp&quot;:&quot;0&quot;,&quot;copyright&quot;:&quot;&quot;,&quot;focal_length&quot;:&quot;0&quot;,&quot;iso&quot;:&quot;0&quot;,&quot;shutter_speed&quot;:&quot;0&quot;,&quot;title&quot;:&quot;&quot;,&quot;orientation&quot;:&quot;0&quot;}\" data-image-title=\"monteverdi_ves\" data-image-description=\"\" data-image-caption=\"\" data-large-file=\"https:\/\/i0.wp.com\/chiomedoro.com\/wp-content\/uploads\/2019\/04\/monteverdi_ves.jpg?fit=500%2C670&amp;ssl=1\" src=\"https:\/\/i0.wp.com\/chiomedoro.com\/wp-content\/uploads\/2019\/04\/monteverdi_ves.jpg?resize=342%2C458&#038;ssl=1\" alt=\"\" class=\"wp-image-964\" width=\"342\" height=\"458\" srcset=\"https:\/\/i0.wp.com\/chiomedoro.com\/wp-content\/uploads\/2019\/04\/monteverdi_ves.jpg?w=500&amp;ssl=1 500w, https:\/\/i0.wp.com\/chiomedoro.com\/wp-content\/uploads\/2019\/04\/monteverdi_ves.jpg?resize=224%2C300&amp;ssl=1 224w\" sizes=\"auto, (max-width: 342px) 100vw, 342px\" \/><\/figure><\/div>\n\n\n\n<p><strong>LES INSCRIPTIONS<\/strong><\/p>\n\n\n\n<p><strong>50 personnes maximum par week-end :<\/strong><\/p>\n\n\n\n<p>10 Soprani 1, 10 Soprani 2, 10 AlV, 10 t\u00e9nors et 10 basse<\/p>\n\n\n\n<p><strong><a rel=\"noreferrer noopener\" href=\"https:\/\/doodle.com\/poll\/m3s4izvqfsyv5qtwck6vih75\/admin?utm_campaign=poll_created&amp;utm_medium=email&amp;utm_source=poll_transactional&amp;utm_content=inviteparticipants-cta#email\" data-type=\"URL\" data-id=\"https:\/\/doodle.com\/poll\/m3s4izvqfsyv5qtwck6vih75\/admin?utm_campaign=poll_created&amp;utm_medium=email&amp;utm_source=poll_transactional&amp;utm_content=inviteparticipants-cta#email\" target=\"_blank\">Inscriptions sous ce lien, valid\u00e9es d\u00e9finitivement apr\u00e8s paiement<\/a><\/strong>.<\/p>\n\n\n\n<p><strong>LE TARIF DES STAGES<\/strong><\/p>\n\n\n\n<p>Le tarif de chaque week-end est de CHF 50.- par participant.<\/p>\n\n\n\n<p>Payable par week-end ou en une fois (CHF 150.-).<\/p>\n\n\n\n<p><strong>COORDONNEES BANCAIRE DE L\u2019ASSOCIATION CHIOME D\u2019ORO&nbsp;<\/strong><\/p>\n\n\n\n<p><strong>POUR LE PAIEMENT DES WEEK-ENDS :<\/strong><\/p>\n\n\n\n<p>Postfinance, Nordring 8, 3030 Berne, Suisse. <strong>CCP<\/strong><strong> :<\/strong> 12-776773-7<\/p>\n\n\n\n<p><strong>BIC<\/strong><strong>&nbsp;:<\/strong> POFICHBEXXX&nbsp; &nbsp; &nbsp; &nbsp; <strong>IBAN<\/strong><strong>&nbsp;(Rib) :<\/strong>&nbsp;CH18 0900 0000 1277 6773 7<\/p>\n\n\n\n<p>Il n\u2019est pas possible de payer par ch\u00e8que<\/p>\n\n\n\n<p class=\"has-text-align-left\"><\/p>\n\n\n\n<p><\/p>\n\n\n\n<p><\/p>\n\n\n\n<p><\/p>\n\n\n\n<p><\/p>\n","protected":false},"excerpt":{"rendered":"<p>Apr\u00e8s plusieurs mois d&rsquo;attente, nous pouvons enfin vous proposer la suite du stage de l&rsquo;\u00e9t\u00e9 2021 . Nous resterons avec Claudio Monteverdi, 30 minutes de musique incroyable ! Avant toute chose, voila les dates et les modalit\u00e9s, le programme arrivera un peu plus tard, ainsi que le mat\u00e9riel audio pour le travail. LES DATES\u2022 Week-end [&hellip;]<\/p>\n","protected":false},"author":1,"featured_media":0,"parent":0,"menu_order":0,"comment_status":"closed","ping_status":"closed","template":"","meta":{"jetpack_post_was_ever_published":false,"footnotes":""},"class_list":["post-958","page","type-page","status-publish","hentry"],"jetpack_sharing_enabled":true,"jetpack_shortlink":"https:\/\/wp.me\/P9gKRr-fs","jetpack_likes_enabled":true,"jetpack-related-posts":[{"id":1297,"url":"https:\/\/chiomedoro.com\/index.php\/choeur-amici\/","url_meta":{"origin":958,"position":0},"title":"Choeur Amici #2023","author":"Admin","date":"19 octobre 2021","format":false,"excerpt":"La polyphonie en Italie, en Espagne et au Nouveau Monde: l'\u00c2ge d'Or Le stage 2023 Amici, en collaboration avec l'ensemble Chiome d'Oro, sera consacr\u00e9 cette ann\u00e9e \u00e0 l'exploration de la polyphonie sacr\u00e9e. Au tournant du 17\u00e8me si\u00e8cle, la polyphonie atteint des sommets, que ce soit dans l'expression d'\u00e9motion, dans la\u2026","rel":"","context":"Article similaire","block_context":{"text":"Article similaire","link":""},"img":{"alt_text":"","src":"https:\/\/i0.wp.com\/chiomedoro.com\/wp-content\/uploads\/2023\/02\/L-interieur-cathedrale-Construite-partir-1155-Notre-Dame-Laon-aurait-inspire-concepteurs-celles-Paris-Chartres-Reims-Lausanne-Magdebourg_0.webp?resize=350%2C200&ssl=1","width":350,"height":200,"srcset":"https:\/\/i0.wp.com\/chiomedoro.com\/wp-content\/uploads\/2023\/02\/L-interieur-cathedrale-Construite-partir-1155-Notre-Dame-Laon-aurait-inspire-concepteurs-celles-Paris-Chartres-Reims-Lausanne-Magdebourg_0.webp?resize=350%2C200&ssl=1 1x, https:\/\/i0.wp.com\/chiomedoro.com\/wp-content\/uploads\/2023\/02\/L-interieur-cathedrale-Construite-partir-1155-Notre-Dame-Laon-aurait-inspire-concepteurs-celles-Paris-Chartres-Reims-Lausanne-Magdebourg_0.webp?resize=525%2C300&ssl=1 1.5x, https:\/\/i0.wp.com\/chiomedoro.com\/wp-content\/uploads\/2023\/02\/L-interieur-cathedrale-Construite-partir-1155-Notre-Dame-Laon-aurait-inspire-concepteurs-celles-Paris-Chartres-Reims-Lausanne-Magdebourg_0.webp?resize=700%2C400&ssl=1 2x"},"classes":[]},{"id":97,"url":"https:\/\/chiomedoro.com\/index.php\/giona-entre-lumiere-divine-et-musique-marine\/","url_meta":{"origin":958,"position":1},"title":"Giona : entre lumi\u00e8re divine et musique marine","author":"Noemie","date":"2 octobre 2017","format":false,"excerpt":"Oratorio Giona de Giovanni Battista Bassani mis en lumi\u00e8re et sc\u00e9nographi\u00e9 par David Debrinay, cr\u00e9ateur lumi\u00e8res. D\u00e9marche musicale: Au milieu du XVIIe si\u00e8cle, dans le nord de l\u2019Italie, le c\u0153ur de l\u2019oratorio moderne bat d\u00e9j\u00e0 pour rythmer le calendrier religieux. Nouvellement nomm\u00e9 ma\u00eetre de chapelle \u00e0 la cath\u00e9drale de Bergame,\u2026","rel":"","context":"Article similaire","block_context":{"text":"Article similaire","link":""},"img":{"alt_text":"","src":"https:\/\/i0.wp.com\/chiomedoro.com\/wp-content\/uploads\/2017\/10\/Giona.jpg?fit=1200%2C411&ssl=1&resize=350%2C200","width":350,"height":200,"srcset":"https:\/\/i0.wp.com\/chiomedoro.com\/wp-content\/uploads\/2017\/10\/Giona.jpg?fit=1200%2C411&ssl=1&resize=350%2C200 1x, https:\/\/i0.wp.com\/chiomedoro.com\/wp-content\/uploads\/2017\/10\/Giona.jpg?fit=1200%2C411&ssl=1&resize=525%2C300 1.5x, https:\/\/i0.wp.com\/chiomedoro.com\/wp-content\/uploads\/2017\/10\/Giona.jpg?fit=1200%2C411&ssl=1&resize=700%2C400 2x, https:\/\/i0.wp.com\/chiomedoro.com\/wp-content\/uploads\/2017\/10\/Giona.jpg?fit=1200%2C411&ssl=1&resize=1050%2C600 3x"},"classes":[]},{"id":1531,"url":"https:\/\/chiomedoro.com\/index.php\/1531-2\/","url_meta":{"origin":958,"position":2},"title":"Les divins caprices, la suite","author":"Admin","date":"19 juin 2023","format":false,"excerpt":"Nous sommes ravis de vous pr\u00e9senter en exclusivit\u00e9 le tout premier trailer de notre dernier spectacle \u00e9poustouflant, \"Les Divins Caprices\" !\u00a0 Ce spectacle incroyable a \u00e9t\u00e9 le fruit de 3 repr\u00e9sentations \u00e0 guichets ferm\u00e9s, 2 r\u00e9sidences de cr\u00e9ation intenses et la participation de 15 artistes talentueux. Tout cela dans un\u2026","rel":"","context":"Article similaire","block_context":{"text":"Article similaire","link":""},"img":{"alt_text":"","src":"https:\/\/i0.wp.com\/chiomedoro.com\/wp-content\/uploads\/2023\/06\/IMG-20230606-WA0020.jpg?resize=350%2C200&ssl=1","width":350,"height":200,"srcset":"https:\/\/i0.wp.com\/chiomedoro.com\/wp-content\/uploads\/2023\/06\/IMG-20230606-WA0020.jpg?resize=350%2C200&ssl=1 1x, https:\/\/i0.wp.com\/chiomedoro.com\/wp-content\/uploads\/2023\/06\/IMG-20230606-WA0020.jpg?resize=525%2C300&ssl=1 1.5x, https:\/\/i0.wp.com\/chiomedoro.com\/wp-content\/uploads\/2023\/06\/IMG-20230606-WA0020.jpg?resize=700%2C400&ssl=1 2x"},"classes":[]},{"id":91,"url":"https:\/\/chiomedoro.com\/index.php\/capriccio-damore\/","url_meta":{"origin":958,"position":3},"title":"Capriccio d\u2019Amore","author":"Noemie","date":"2 octobre 2017","format":false,"excerpt":"L\u2019amour en tranche fine... L\u2019Ensemble Chiome d\u2019Oro diss\u00e8que les relations amoureuses, et va nous faire pleurer de rire et de tristesse en se penchant sur les charmes et les d\u00e9senchantements de la vie de couple. Ce programme original, concoct\u00e9 sous la forme d\u2019un petit op\u00e9ra sans mise en sc\u00e8ne, a\u2026","rel":"","context":"Article similaire","block_context":{"text":"Article similaire","link":""},"img":{"alt_text":"","src":"https:\/\/i0.wp.com\/chiomedoro.com\/wp-content\/uploads\/2017\/10\/CapriccioDAmore.jpg?fit=1200%2C411&ssl=1&resize=350%2C200","width":350,"height":200,"srcset":"https:\/\/i0.wp.com\/chiomedoro.com\/wp-content\/uploads\/2017\/10\/CapriccioDAmore.jpg?fit=1200%2C411&ssl=1&resize=350%2C200 1x, https:\/\/i0.wp.com\/chiomedoro.com\/wp-content\/uploads\/2017\/10\/CapriccioDAmore.jpg?fit=1200%2C411&ssl=1&resize=525%2C300 1.5x, https:\/\/i0.wp.com\/chiomedoro.com\/wp-content\/uploads\/2017\/10\/CapriccioDAmore.jpg?fit=1200%2C411&ssl=1&resize=700%2C400 2x, https:\/\/i0.wp.com\/chiomedoro.com\/wp-content\/uploads\/2017\/10\/CapriccioDAmore.jpg?fit=1200%2C411&ssl=1&resize=1050%2C600 3x"},"classes":[]},{"id":43,"url":"https:\/\/chiomedoro.com\/index.php\/contact\/nous-soutenir\/","url_meta":{"origin":958,"position":4},"title":"Nous soutenir","author":"Admin","date":"26 septembre 2017","format":false,"excerpt":"L\u2019ensemble Chiome d\u2019Oro, qui existe depuis 2010, a pris un tout autre envol depuis la cr\u00e9ation de l\u2019association des amis de Chiome d\u2019Oro en 2013. Gr\u00e2ce au soutien de ses membres dont la cotisation s\u2019apparente \u00e0 un petit m\u00e9c\u00e9nat, les musiciens de l\u2019ensemble peuvent esp\u00e9rer r\u00e9aliser leurs id\u00e9es les plus\u2026","rel":"","context":"Article similaire","block_context":{"text":"Article similaire","link":""},"img":{"alt_text":"","src":"","width":0,"height":0},"classes":[]},{"id":93,"url":"https:\/\/chiomedoro.com\/index.php\/monteverdi-vivaldi-les-deux-lumieres-du-baroque\/","url_meta":{"origin":958,"position":5},"title":"Monteverdi-Vivaldi : les deux lumi\u00e8res du baroque","author":"Noemie","date":"2 octobre 2017","format":false,"excerpt":"Des polyphonies \u00e9clatantes de Gabrieli au style flamboyant de Vivaldi, en passant bien s\u00fbr par l\u2019illustre Monteverdi, tout cela s\u2019est pass\u00e9 \u00e0 Venise. En effet, cette ville commer\u00e7ante riche et puissante, a encourag\u00e9 les arts, tant profanes que sacr\u00e9s. En abritant la recherche musicale (comme par exemple Zarlino) et les\u2026","rel":"","context":"Article similaire","block_context":{"text":"Article similaire","link":""},"img":{"alt_text":"","src":"https:\/\/i0.wp.com\/chiomedoro.com\/wp-content\/uploads\/2017\/10\/MonteverdiVivaldi.jpg?fit=1200%2C411&ssl=1&resize=350%2C200","width":350,"height":200,"srcset":"https:\/\/i0.wp.com\/chiomedoro.com\/wp-content\/uploads\/2017\/10\/MonteverdiVivaldi.jpg?fit=1200%2C411&ssl=1&resize=350%2C200 1x, https:\/\/i0.wp.com\/chiomedoro.com\/wp-content\/uploads\/2017\/10\/MonteverdiVivaldi.jpg?fit=1200%2C411&ssl=1&resize=525%2C300 1.5x, https:\/\/i0.wp.com\/chiomedoro.com\/wp-content\/uploads\/2017\/10\/MonteverdiVivaldi.jpg?fit=1200%2C411&ssl=1&resize=700%2C400 2x, https:\/\/i0.wp.com\/chiomedoro.com\/wp-content\/uploads\/2017\/10\/MonteverdiVivaldi.jpg?fit=1200%2C411&ssl=1&resize=1050%2C600 3x"},"classes":[]}],"_links":{"self":[{"href":"https:\/\/chiomedoro.com\/index.php\/wp-json\/wp\/v2\/pages\/958","targetHints":{"allow":["GET"]}}],"collection":[{"href":"https:\/\/chiomedoro.com\/index.php\/wp-json\/wp\/v2\/pages"}],"about":[{"href":"https:\/\/chiomedoro.com\/index.php\/wp-json\/wp\/v2\/types\/page"}],"author":[{"embeddable":true,"href":"https:\/\/chiomedoro.com\/index.php\/wp-json\/wp\/v2\/users\/1"}],"replies":[{"embeddable":true,"href":"https:\/\/chiomedoro.com\/index.php\/wp-json\/wp\/v2\/comments?post=958"}],"version-history":[{"count":40,"href":"https:\/\/chiomedoro.com\/index.php\/wp-json\/wp\/v2\/pages\/958\/revisions"}],"predecessor-version":[{"id":1296,"href":"https:\/\/chiomedoro.com\/index.php\/wp-json\/wp\/v2\/pages\/958\/revisions\/1296"}],"wp:attachment":[{"href":"https:\/\/chiomedoro.com\/index.php\/wp-json\/wp\/v2\/media?parent=958"}],"curies":[{"name":"wp","href":"https:\/\/api.w.org\/{rel}","templated":true}]}}