{"id":93,"date":"2017-10-02T14:42:12","date_gmt":"2017-10-02T12:42:12","guid":{"rendered":"http:\/\/chiomedoro.com\/?page_id=93"},"modified":"2017-11-19T14:15:16","modified_gmt":"2017-11-19T13:15:16","slug":"monteverdi-vivaldi-les-deux-lumieres-du-baroque","status":"publish","type":"page","link":"https:\/\/chiomedoro.com\/index.php\/monteverdi-vivaldi-les-deux-lumieres-du-baroque\/","title":{"rendered":"Monteverdi-Vivaldi : les deux lumi\u00e8res du baroque"},"content":{"rendered":"<p>Des polyphonies \u00e9clatantes de Gabrieli au style flamboyant de Vivaldi, en passant bien s\u00fbr par l\u2019illustre Monteverdi, tout cela s\u2019est pass\u00e9 \u00e0 Venise. En effet, cette ville commer\u00e7ante riche et puissante, a encourag\u00e9 les arts, tant profanes que sacr\u00e9s. En abritant la recherche musicale (comme par exemple Zarlino) et les compositeurs, la cit\u00e9 des Doges leur a offert d\u2019innombrables occasions d\u2019explorer de nouvelles formes, favorisant ainsi le d\u00e9veloppement de l\u2019illustration du monde et de l\u2019expression des sentiments humains par la musique.<\/p>\n<p>Malgr\u00e9 les nombreuses d\u00e9cennies les s\u00e9parant, on retrouve chez Monteverdi comme chez Vivaldi une volont\u00e9 tr\u00e8s forte de mettre la musique au service de l\u2019expression du texte (en musique vocale) ou du sous-texte (chez les instruments). Peut-on parler de musique \u00e0 programme avant l\u2019heure ? Les \u00e9motions humaines exprim\u00e9es ainsi dans la musique \u2013 art extra-litt\u00e9raire &#8211; fait \u00e9videmment penser \u00e0 une autre r\u00e9volution de l\u2019\u00e9poque pour l\u2019expression des sentiments du c\u00f4t\u00e9 des arts picturaux : le \u00ab Clair-Obscur \u00bb permettant de mettre en exergue l\u2019\u00e9motion d\u2019un instant pr\u00e9cis par l\u2019exag\u00e9ration de la lumi\u00e8re et des contrastes.<\/p>\n<p>Chez Monteverdi, l\u2019un de ses cr\u00e9ateurs, l\u2019op\u00e9ra vit une v\u00e9ritable r\u00e9volution, les r\u00e9citatifs et les airs sont en mutation, notamment avec le traitement de l\u2019accompagnement par la basse continue. Alors que chez Vivaldi, pr\u00e9curseur du <em>Bel Canto<\/em>, cette forme <em>recitativo\/aria\u00a0<\/em>est syst\u00e9matique et presque toujours accompagn\u00e9e des instruments concertants. Parall\u00e8lement \u00e0 la tradition vocale, le violon prend une toute nouvelle importance : Ma\u00eetre de la ritournelle chez Monteverdi, il devient l\u2019instrument roi, notamment avec Vivaldi et ces\u00a0innombrables <em>concerti<\/em>. Mais le plus int\u00e9ressant est de constater que Monteverdi et Vivaldi ont tous les deux r\u00e9ussi \u00e0 se cr\u00e9er une identit\u00e9 musicale propre, que m\u00eame des oreilles peu averties pourraient reconna\u00eetre.<\/p>\n<p>Placer ces deux compositeurs dans un m\u00eame programme permet de montrer \u00e0 quel point ils sont diff\u00e9rents stylistiquement et pourtant si semblables dans leur recherche de l\u2019expression.<br \/>\nA eux deux, ils forment en quelque sorte, les deux extr\u00eames stylistiques de cette Italie du XVII<sup>e<\/sup> si\u00e8cle; les deux phares musicaux de cette p\u00e9riode sombre d\u2019intenses recherches sur le monde et sur soi; les deux lumi\u00e8res du baroque.<\/p>\n<p><strong>Avec des \u0153uvres de\u00a0:<br \/>\n<\/strong>Monteverdi et Vivaldi<\/p>\n<p><strong>Effectif :<br \/>\n<\/strong>2 soprani, 2 violons, 1 alto, 1 viole de gambe, 1 clavecin et orgue.<\/p>\n<p><strong>Total :<\/strong> 7 musiciens<\/p>\n<p><strong>Dur\u00e9e :<\/strong> 1h15 environ<\/p>\n","protected":false},"excerpt":{"rendered":"<p>Des polyphonies \u00e9clatantes de Gabrieli au style flamboyant de Vivaldi, en passant bien s\u00fbr par l\u2019illustre Monteverdi, tout cela s\u2019est pass\u00e9 \u00e0 Venise. En effet, cette ville commer\u00e7ante riche et puissante, a encourag\u00e9 les arts, tant profanes que sacr\u00e9s. En abritant la recherche musicale (comme par exemple Zarlino) et les compositeurs, la cit\u00e9 des Doges [&hellip;]<\/p>\n","protected":false},"author":2,"featured_media":706,"parent":0,"menu_order":0,"comment_status":"closed","ping_status":"closed","template":"templates\/no-sidebar.php","meta":{"jetpack_post_was_ever_published":false,"footnotes":""},"class_list":["post-93","page","type-page","status-publish","has-post-thumbnail","hentry"],"jetpack_sharing_enabled":true,"jetpack_shortlink":"https:\/\/wp.me\/P9gKRr-1v","jetpack_likes_enabled":true,"jetpack-related-posts":[{"id":1108,"url":"https:\/\/chiomedoro.com\/index.php\/nos-disques\/","url_meta":{"origin":93,"position":0},"title":"Nos Disques","author":"Admin","date":"30 novembre 2019","format":false,"excerpt":"\"Le Th\u00e9\u00e2tre du Monde\", sorti en 2014 chez Claves Au tournant du XVIIe si\u00e8cle, certains compositeurs ont cherch\u00e9, pour la premi\u00e8re fois, \u00e0 exprimer musicalement, non plus les \u00e9motions des dieux, mais celles des hommes, bien plus violentes et profondes. L'amour, la haine et le d\u00e9sespoir sont r\u00e9unis sur la\u2026","rel":"","context":"Article similaire","block_context":{"text":"Article similaire","link":""},"img":{"alt_text":"","src":"https:\/\/i0.wp.com\/chiomedoro.com\/wp-content\/uploads\/2022\/11\/image-provisoir-TdM-1.jpg?resize=350%2C200&ssl=1","width":350,"height":200,"srcset":"https:\/\/i0.wp.com\/chiomedoro.com\/wp-content\/uploads\/2022\/11\/image-provisoir-TdM-1.jpg?resize=350%2C200&ssl=1 1x, https:\/\/i0.wp.com\/chiomedoro.com\/wp-content\/uploads\/2022\/11\/image-provisoir-TdM-1.jpg?resize=525%2C300&ssl=1 1.5x, https:\/\/i0.wp.com\/chiomedoro.com\/wp-content\/uploads\/2022\/11\/image-provisoir-TdM-1.jpg?resize=700%2C400&ssl=1 2x, https:\/\/i0.wp.com\/chiomedoro.com\/wp-content\/uploads\/2022\/11\/image-provisoir-TdM-1.jpg?resize=1050%2C600&ssl=1 3x, https:\/\/i0.wp.com\/chiomedoro.com\/wp-content\/uploads\/2022\/11\/image-provisoir-TdM-1.jpg?resize=1400%2C800&ssl=1 4x"},"classes":[]},{"id":1124,"url":"https:\/\/chiomedoro.com\/index.php\/da-monteverdi-a-monteverdi\/","url_meta":{"origin":93,"position":1},"title":"Da Monteverdi a Monteverdi","author":"Admin","date":"11 d\u00e9cembre 2019","format":false,"excerpt":"Ce programme est un hommage \u00e0 Claudio Monteverdi (1567-1643), le plus grand compositeur du XVIIe si\u00e8cle italien, aux qualit\u00e9s contrapuntiques et dramatiques exceptionnelles, tant dans la musique religieuse que dans la musique profane. Dans cette \u00e8re baroque des effets de contrastes, Monteverdi hissa l\u2019art du madrigal au plus haut degr\u00e9\u2026","rel":"","context":"Article similaire","block_context":{"text":"Article similaire","link":""},"img":{"alt_text":"","src":"https:\/\/i0.wp.com\/chiomedoro.com\/wp-content\/uploads\/2020\/01\/201809042131_D750_DSC_4671-1280.jpg?fit=1200%2C801&ssl=1&resize=350%2C200","width":350,"height":200,"srcset":"https:\/\/i0.wp.com\/chiomedoro.com\/wp-content\/uploads\/2020\/01\/201809042131_D750_DSC_4671-1280.jpg?fit=1200%2C801&ssl=1&resize=350%2C200 1x, https:\/\/i0.wp.com\/chiomedoro.com\/wp-content\/uploads\/2020\/01\/201809042131_D750_DSC_4671-1280.jpg?fit=1200%2C801&ssl=1&resize=525%2C300 1.5x, https:\/\/i0.wp.com\/chiomedoro.com\/wp-content\/uploads\/2020\/01\/201809042131_D750_DSC_4671-1280.jpg?fit=1200%2C801&ssl=1&resize=700%2C400 2x, https:\/\/i0.wp.com\/chiomedoro.com\/wp-content\/uploads\/2020\/01\/201809042131_D750_DSC_4671-1280.jpg?fit=1200%2C801&ssl=1&resize=1050%2C600 3x"},"classes":[]},{"id":25,"url":"https:\/\/chiomedoro.com\/index.php\/lensemble\/","url_meta":{"origin":93,"position":2},"title":"L&rsquo;Ensemble","author":"Admin","date":"26 septembre 2017","format":false,"excerpt":"ENSEMBLE CHIOME D\u2019ORO \u2013 Pierre-Louis R\u00e9tat, direction Fond\u00e9 en 2010 \u00e0 Gen\u00e8ve par le claveciniste Pierre-Louis R\u00e9tat et la soprano Capucine Keller, l\u2019ensemble Chiome d\u2019Oro doit son nom \u00e0 l\u2019un des madrigaux de Claudio Monteverdi \u00e0 qui les musiciens rendent ainsi hommage. D\u00e8s sa premi\u00e8re ann\u00e9e, l\u2019ensemble a b\u00e9n\u00e9fici\u00e9 du\u2026","rel":"","context":"Article similaire","block_context":{"text":"Article similaire","link":""},"img":{"alt_text":"","src":"https:\/\/i0.wp.com\/chiomedoro.com\/wp-content\/uploads\/2017\/09\/img0073.jpg?fit=809%2C435&ssl=1&resize=350%2C200","width":350,"height":200,"srcset":"https:\/\/i0.wp.com\/chiomedoro.com\/wp-content\/uploads\/2017\/09\/img0073.jpg?fit=809%2C435&ssl=1&resize=350%2C200 1x, https:\/\/i0.wp.com\/chiomedoro.com\/wp-content\/uploads\/2017\/09\/img0073.jpg?fit=809%2C435&ssl=1&resize=525%2C300 1.5x, https:\/\/i0.wp.com\/chiomedoro.com\/wp-content\/uploads\/2017\/09\/img0073.jpg?fit=809%2C435&ssl=1&resize=700%2C400 2x"},"classes":[]},{"id":80,"url":"https:\/\/chiomedoro.com\/index.php\/le-theatre-du-monde\/","url_meta":{"origin":93,"position":3},"title":"Le Th\u00e9\u00e2tre du Monde","author":"Noemie","date":"2 octobre 2017","format":false,"excerpt":"Les affetti dans la musique s\u00e9culaire du\u00a0 XVIIe si\u00e8cle italien Au tournant du\u00a0 XVIIe si\u00e8cle, certains compositeurs ont cherch\u00e9 divers moyens de mettre en sc\u00e8ne les \u00e9motions humaines. Ainsi, pour la premi\u00e8re fois, l\u2019amour, la haine et le d\u00e9sespoir se c\u00f4toient non seulement dans le texte, mais \u00e9galement dans la\u2026","rel":"","context":"Article similaire","block_context":{"text":"Article similaire","link":""},"img":{"alt_text":"","src":"https:\/\/i0.wp.com\/chiomedoro.com\/wp-content\/uploads\/2017\/10\/TheatreDuMonde.jpg?fit=1200%2C411&ssl=1&resize=350%2C200","width":350,"height":200,"srcset":"https:\/\/i0.wp.com\/chiomedoro.com\/wp-content\/uploads\/2017\/10\/TheatreDuMonde.jpg?fit=1200%2C411&ssl=1&resize=350%2C200 1x, https:\/\/i0.wp.com\/chiomedoro.com\/wp-content\/uploads\/2017\/10\/TheatreDuMonde.jpg?fit=1200%2C411&ssl=1&resize=525%2C300 1.5x, https:\/\/i0.wp.com\/chiomedoro.com\/wp-content\/uploads\/2017\/10\/TheatreDuMonde.jpg?fit=1200%2C411&ssl=1&resize=700%2C400 2x, https:\/\/i0.wp.com\/chiomedoro.com\/wp-content\/uploads\/2017\/10\/TheatreDuMonde.jpg?fit=1200%2C411&ssl=1&resize=1050%2C600 3x"},"classes":[]},{"id":95,"url":"https:\/\/chiomedoro.com\/index.php\/sparge-la-morte\/","url_meta":{"origin":93,"position":4},"title":"Sparge la Morte","author":"Noemie","date":"2 octobre 2017","format":false,"excerpt":"Dans ce si\u00e8cle du baroque italien - l\u2019\u00e8re des effets de contrastes par excellence -, les trois compositeurs Monteverdi, Gesualdo et D\u2019India ont hiss\u00e9 l\u2019art du madrigal au plus haut degr\u00e9 de sophistication et d\u2019expression, en m\u00e9langeant la ma\u00eetrise contrapuntique de la Renaissance et l\u2019audace exacerb\u00e9e de cette nouvelle \u00e9poque.\u2026","rel":"","context":"Article similaire","block_context":{"text":"Article similaire","link":""},"img":{"alt_text":"","src":"https:\/\/i0.wp.com\/chiomedoro.com\/wp-content\/uploads\/2017\/10\/SpargeLaMorte.jpg?fit=1200%2C411&ssl=1&resize=350%2C200","width":350,"height":200,"srcset":"https:\/\/i0.wp.com\/chiomedoro.com\/wp-content\/uploads\/2017\/10\/SpargeLaMorte.jpg?fit=1200%2C411&ssl=1&resize=350%2C200 1x, https:\/\/i0.wp.com\/chiomedoro.com\/wp-content\/uploads\/2017\/10\/SpargeLaMorte.jpg?fit=1200%2C411&ssl=1&resize=525%2C300 1.5x, https:\/\/i0.wp.com\/chiomedoro.com\/wp-content\/uploads\/2017\/10\/SpargeLaMorte.jpg?fit=1200%2C411&ssl=1&resize=700%2C400 2x, https:\/\/i0.wp.com\/chiomedoro.com\/wp-content\/uploads\/2017\/10\/SpargeLaMorte.jpg?fit=1200%2C411&ssl=1&resize=1050%2C600 3x"},"classes":[]},{"id":1100,"url":"https:\/\/chiomedoro.com\/index.php\/obstinement\/","url_meta":{"origin":93,"position":5},"title":"Obstin\u00e9ment","author":"Admin","date":"30 novembre 2019","format":false,"excerpt":"L'ostinato - cette basse qui se r\u00e9p\u00e8te inlassablement selon une m\u00eame formule - est l'un des points caract\u00e9ristiques de la musique baroque. C'est souvent elle qui installe, avant le texte, l'ambiance \u00e9motionnelle d'une pi\u00e8ce. Qui ne reconnait pas imm\u00e9diatement le lamento de Didon de Purcell \u00e0 sa descente chromatique r\u00e9p\u00e9t\u00e9e\u2026","rel":"","context":"Article similaire","block_context":{"text":"Article similaire","link":""},"img":{"alt_text":"","src":"https:\/\/i0.wp.com\/chiomedoro.com\/wp-content\/uploads\/2022\/11\/Visuel-Obstinement-scaled.jpg?fit=1200%2C576&ssl=1&resize=350%2C200","width":350,"height":200,"srcset":"https:\/\/i0.wp.com\/chiomedoro.com\/wp-content\/uploads\/2022\/11\/Visuel-Obstinement-scaled.jpg?fit=1200%2C576&ssl=1&resize=350%2C200 1x, https:\/\/i0.wp.com\/chiomedoro.com\/wp-content\/uploads\/2022\/11\/Visuel-Obstinement-scaled.jpg?fit=1200%2C576&ssl=1&resize=525%2C300 1.5x, https:\/\/i0.wp.com\/chiomedoro.com\/wp-content\/uploads\/2022\/11\/Visuel-Obstinement-scaled.jpg?fit=1200%2C576&ssl=1&resize=700%2C400 2x, https:\/\/i0.wp.com\/chiomedoro.com\/wp-content\/uploads\/2022\/11\/Visuel-Obstinement-scaled.jpg?fit=1200%2C576&ssl=1&resize=1050%2C600 3x"},"classes":[]}],"_links":{"self":[{"href":"https:\/\/chiomedoro.com\/index.php\/wp-json\/wp\/v2\/pages\/93","targetHints":{"allow":["GET"]}}],"collection":[{"href":"https:\/\/chiomedoro.com\/index.php\/wp-json\/wp\/v2\/pages"}],"about":[{"href":"https:\/\/chiomedoro.com\/index.php\/wp-json\/wp\/v2\/types\/page"}],"author":[{"embeddable":true,"href":"https:\/\/chiomedoro.com\/index.php\/wp-json\/wp\/v2\/users\/2"}],"replies":[{"embeddable":true,"href":"https:\/\/chiomedoro.com\/index.php\/wp-json\/wp\/v2\/comments?post=93"}],"version-history":[{"count":3,"href":"https:\/\/chiomedoro.com\/index.php\/wp-json\/wp\/v2\/pages\/93\/revisions"}],"predecessor-version":[{"id":736,"href":"https:\/\/chiomedoro.com\/index.php\/wp-json\/wp\/v2\/pages\/93\/revisions\/736"}],"wp:featuredmedia":[{"embeddable":true,"href":"https:\/\/chiomedoro.com\/index.php\/wp-json\/wp\/v2\/media\/706"}],"wp:attachment":[{"href":"https:\/\/chiomedoro.com\/index.php\/wp-json\/wp\/v2\/media?parent=93"}],"curies":[{"name":"wp","href":"https:\/\/api.w.org\/{rel}","templated":true}]}}