{"id":91,"date":"2017-10-02T14:40:27","date_gmt":"2017-10-02T12:40:27","guid":{"rendered":"http:\/\/chiomedoro.com\/?page_id=91"},"modified":"2017-11-19T14:14:27","modified_gmt":"2017-11-19T13:14:27","slug":"capriccio-damore","status":"publish","type":"page","link":"https:\/\/chiomedoro.com\/index.php\/capriccio-damore\/","title":{"rendered":"Capriccio d\u2019Amore"},"content":{"rendered":"<h4>L\u2019amour en tranche fine&#8230;<\/h4>\n<p>L\u2019Ensemble Chiome d\u2019Oro diss\u00e8que les relations amoureuses, et va nous faire pleurer de rire et de tristesse en se penchant sur les charmes et les d\u00e9senchantements de la vie de couple. Ce programme original, concoct\u00e9 sous la forme d\u2019un petit op\u00e9ra sans mise en sc\u00e8ne, a \u00e9t\u00e9 reconstitu\u00e9 \u00e0 l\u2019aide de diff\u00e9rentes \u0153uvres de compositeurs italiens des XVII<sup>e<\/sup> et XVIII<sup>e<\/sup> si\u00e8cles, traitant toutes de l\u2019amour sous toutes ses formes : le c\u00e9libat, le coup de foudre, la s\u00e9duction, la r\u00e9sistance \u00e0 la tentation, le tendre amour, la jalousie, la dispute, la tristesse, et m\u00eame la reconqu\u00eate&#8230; Car heureusement, ici au moins, tout finira bien !<\/p>\n<p>Loin d\u2019\u00eatre une h\u00e9r\u00e9sie, ce proc\u00e9d\u00e9 du Pasticcio \u2013 pastiche en fran\u00e7ais \u2013 qui peut se r\u00e9sumer en une sorte de pot-pourri, \u00e9tait tr\u00e8s en vogue dans l\u2019Italie baroque et classique. Il s\u2019agissait m\u00eame \u00e0 l\u2019\u00e9poque du meilleur moyen pour rassembler en un seul et m\u00eame concert le plus grand nombre d\u2019airs c\u00e9l\u00e8bres possible.<\/p>\n<p>Ce programme a \u00e9t\u00e9 constitu\u00e9 autour de deux chanteurs \u2013 une soprano et une basse \u2013 ce qui est une autre particularit\u00e9 de ce concert. En effet, si le r\u00e9pertoire baroque pour soprano est excessivement fourni, il l\u2019est malheureusement beaucoup moins pour la tessiture de basse, pourtant si magnifique ! Les chanteurs basses sont souvent cantonn\u00e9s dans le monde de l\u2019op\u00e9ra aux r\u00f4les de vieillards, de sages, de m\u00e9chants ou de magiciens&#8230; mais rarement d\u2019amoureux transis.<\/p>\n<p>L\u2019Ensemble Chiome d\u2019Oro s\u2019est donc permis, comme cela se faisait \u00e9galement beaucoup \u00e0 l\u2019\u00e9poque, de transposer certaines pi\u00e8ces pour les adapter \u00e0 nos chanteurs.<\/p>\n<p>Vous entendrez donc des versions uniques au monde, pr\u00e9par\u00e9es tout sp\u00e9cialement pour vous !<\/p>\n<p><strong>Avec des \u0153uvres de\u00a0:<br \/>\n<\/strong>Fontei, Cavalli, Monteverdi, Legrenzi, Pergolesi, Sartorio, Scarlatti,\u00a0Frescobaldi, Guglielmi, Sances, Caldara, Donati<\/p>\n<p><strong>Effectif :<br \/>\n<\/strong>1 soprano, 1 basse, 1 viole de gambe, 1 clavecin<\/p>\n<p><strong>Dur\u00e9e :<\/strong> 1h environ<\/p>\n","protected":false},"excerpt":{"rendered":"<p>L\u2019amour en tranche fine&#8230; L\u2019Ensemble Chiome d\u2019Oro diss\u00e8que les relations amoureuses, et va nous faire pleurer de rire et de tristesse en se penchant sur les charmes et les d\u00e9senchantements de la vie de couple. Ce programme original, concoct\u00e9 sous la forme d\u2019un petit op\u00e9ra sans mise en sc\u00e8ne, a \u00e9t\u00e9 reconstitu\u00e9 \u00e0 l\u2019aide de [&hellip;]<\/p>\n","protected":false},"author":2,"featured_media":705,"parent":0,"menu_order":0,"comment_status":"closed","ping_status":"closed","template":"templates\/no-sidebar.php","meta":{"jetpack_post_was_ever_published":false,"footnotes":""},"class_list":["post-91","page","type-page","status-publish","has-post-thumbnail","hentry"],"jetpack_sharing_enabled":true,"jetpack_shortlink":"https:\/\/wp.me\/P9gKRr-1t","jetpack_likes_enabled":true,"jetpack-related-posts":[{"id":95,"url":"https:\/\/chiomedoro.com\/index.php\/sparge-la-morte\/","url_meta":{"origin":91,"position":0},"title":"Sparge la Morte","author":"Noemie","date":"2 octobre 2017","format":false,"excerpt":"Dans ce si\u00e8cle du baroque italien - l\u2019\u00e8re des effets de contrastes par excellence -, les trois compositeurs Monteverdi, Gesualdo et D\u2019India ont hiss\u00e9 l\u2019art du madrigal au plus haut degr\u00e9 de sophistication et d\u2019expression, en m\u00e9langeant la ma\u00eetrise contrapuntique de la Renaissance et l\u2019audace exacerb\u00e9e de cette nouvelle \u00e9poque.\u2026","rel":"","context":"Article similaire","block_context":{"text":"Article similaire","link":""},"img":{"alt_text":"","src":"https:\/\/i0.wp.com\/chiomedoro.com\/wp-content\/uploads\/2017\/10\/SpargeLaMorte.jpg?fit=1200%2C411&ssl=1&resize=350%2C200","width":350,"height":200,"srcset":"https:\/\/i0.wp.com\/chiomedoro.com\/wp-content\/uploads\/2017\/10\/SpargeLaMorte.jpg?fit=1200%2C411&ssl=1&resize=350%2C200 1x, https:\/\/i0.wp.com\/chiomedoro.com\/wp-content\/uploads\/2017\/10\/SpargeLaMorte.jpg?fit=1200%2C411&ssl=1&resize=525%2C300 1.5x, https:\/\/i0.wp.com\/chiomedoro.com\/wp-content\/uploads\/2017\/10\/SpargeLaMorte.jpg?fit=1200%2C411&ssl=1&resize=700%2C400 2x, https:\/\/i0.wp.com\/chiomedoro.com\/wp-content\/uploads\/2017\/10\/SpargeLaMorte.jpg?fit=1200%2C411&ssl=1&resize=1050%2C600 3x"},"classes":[]},{"id":1108,"url":"https:\/\/chiomedoro.com\/index.php\/nos-disques\/","url_meta":{"origin":91,"position":1},"title":"Nos Disques","author":"Admin","date":"30 novembre 2019","format":false,"excerpt":"\"Le Th\u00e9\u00e2tre du Monde\", sorti en 2014 chez Claves Au tournant du XVIIe si\u00e8cle, certains compositeurs ont cherch\u00e9, pour la premi\u00e8re fois, \u00e0 exprimer musicalement, non plus les \u00e9motions des dieux, mais celles des hommes, bien plus violentes et profondes. L'amour, la haine et le d\u00e9sespoir sont r\u00e9unis sur la\u2026","rel":"","context":"Article similaire","block_context":{"text":"Article similaire","link":""},"img":{"alt_text":"","src":"https:\/\/i0.wp.com\/chiomedoro.com\/wp-content\/uploads\/2022\/11\/image-provisoir-TdM-1.jpg?resize=350%2C200&ssl=1","width":350,"height":200,"srcset":"https:\/\/i0.wp.com\/chiomedoro.com\/wp-content\/uploads\/2022\/11\/image-provisoir-TdM-1.jpg?resize=350%2C200&ssl=1 1x, https:\/\/i0.wp.com\/chiomedoro.com\/wp-content\/uploads\/2022\/11\/image-provisoir-TdM-1.jpg?resize=525%2C300&ssl=1 1.5x, https:\/\/i0.wp.com\/chiomedoro.com\/wp-content\/uploads\/2022\/11\/image-provisoir-TdM-1.jpg?resize=700%2C400&ssl=1 2x, https:\/\/i0.wp.com\/chiomedoro.com\/wp-content\/uploads\/2022\/11\/image-provisoir-TdM-1.jpg?resize=1050%2C600&ssl=1 3x, https:\/\/i0.wp.com\/chiomedoro.com\/wp-content\/uploads\/2022\/11\/image-provisoir-TdM-1.jpg?resize=1400%2C800&ssl=1 4x"},"classes":[]},{"id":97,"url":"https:\/\/chiomedoro.com\/index.php\/giona-entre-lumiere-divine-et-musique-marine\/","url_meta":{"origin":91,"position":2},"title":"Giona : entre lumi\u00e8re divine et musique marine","author":"Noemie","date":"2 octobre 2017","format":false,"excerpt":"Oratorio Giona de Giovanni Battista Bassani mis en lumi\u00e8re et sc\u00e9nographi\u00e9 par David Debrinay, cr\u00e9ateur lumi\u00e8res. D\u00e9marche musicale: Au milieu du XVIIe si\u00e8cle, dans le nord de l\u2019Italie, le c\u0153ur de l\u2019oratorio moderne bat d\u00e9j\u00e0 pour rythmer le calendrier religieux. Nouvellement nomm\u00e9 ma\u00eetre de chapelle \u00e0 la cath\u00e9drale de Bergame,\u2026","rel":"","context":"Article similaire","block_context":{"text":"Article similaire","link":""},"img":{"alt_text":"","src":"https:\/\/i0.wp.com\/chiomedoro.com\/wp-content\/uploads\/2017\/10\/Giona.jpg?fit=1200%2C411&ssl=1&resize=350%2C200","width":350,"height":200,"srcset":"https:\/\/i0.wp.com\/chiomedoro.com\/wp-content\/uploads\/2017\/10\/Giona.jpg?fit=1200%2C411&ssl=1&resize=350%2C200 1x, https:\/\/i0.wp.com\/chiomedoro.com\/wp-content\/uploads\/2017\/10\/Giona.jpg?fit=1200%2C411&ssl=1&resize=525%2C300 1.5x, https:\/\/i0.wp.com\/chiomedoro.com\/wp-content\/uploads\/2017\/10\/Giona.jpg?fit=1200%2C411&ssl=1&resize=700%2C400 2x, https:\/\/i0.wp.com\/chiomedoro.com\/wp-content\/uploads\/2017\/10\/Giona.jpg?fit=1200%2C411&ssl=1&resize=1050%2C600 3x"},"classes":[]},{"id":93,"url":"https:\/\/chiomedoro.com\/index.php\/monteverdi-vivaldi-les-deux-lumieres-du-baroque\/","url_meta":{"origin":91,"position":3},"title":"Monteverdi-Vivaldi : les deux lumi\u00e8res du baroque","author":"Noemie","date":"2 octobre 2017","format":false,"excerpt":"Des polyphonies \u00e9clatantes de Gabrieli au style flamboyant de Vivaldi, en passant bien s\u00fbr par l\u2019illustre Monteverdi, tout cela s\u2019est pass\u00e9 \u00e0 Venise. En effet, cette ville commer\u00e7ante riche et puissante, a encourag\u00e9 les arts, tant profanes que sacr\u00e9s. En abritant la recherche musicale (comme par exemple Zarlino) et les\u2026","rel":"","context":"Article similaire","block_context":{"text":"Article similaire","link":""},"img":{"alt_text":"","src":"https:\/\/i0.wp.com\/chiomedoro.com\/wp-content\/uploads\/2017\/10\/MonteverdiVivaldi.jpg?fit=1200%2C411&ssl=1&resize=350%2C200","width":350,"height":200,"srcset":"https:\/\/i0.wp.com\/chiomedoro.com\/wp-content\/uploads\/2017\/10\/MonteverdiVivaldi.jpg?fit=1200%2C411&ssl=1&resize=350%2C200 1x, https:\/\/i0.wp.com\/chiomedoro.com\/wp-content\/uploads\/2017\/10\/MonteverdiVivaldi.jpg?fit=1200%2C411&ssl=1&resize=525%2C300 1.5x, https:\/\/i0.wp.com\/chiomedoro.com\/wp-content\/uploads\/2017\/10\/MonteverdiVivaldi.jpg?fit=1200%2C411&ssl=1&resize=700%2C400 2x, https:\/\/i0.wp.com\/chiomedoro.com\/wp-content\/uploads\/2017\/10\/MonteverdiVivaldi.jpg?fit=1200%2C411&ssl=1&resize=1050%2C600 3x"},"classes":[]},{"id":80,"url":"https:\/\/chiomedoro.com\/index.php\/le-theatre-du-monde\/","url_meta":{"origin":91,"position":4},"title":"Le Th\u00e9\u00e2tre du Monde","author":"Noemie","date":"2 octobre 2017","format":false,"excerpt":"Les affetti dans la musique s\u00e9culaire du\u00a0 XVIIe si\u00e8cle italien Au tournant du\u00a0 XVIIe si\u00e8cle, certains compositeurs ont cherch\u00e9 divers moyens de mettre en sc\u00e8ne les \u00e9motions humaines. Ainsi, pour la premi\u00e8re fois, l\u2019amour, la haine et le d\u00e9sespoir se c\u00f4toient non seulement dans le texte, mais \u00e9galement dans la\u2026","rel":"","context":"Article similaire","block_context":{"text":"Article similaire","link":""},"img":{"alt_text":"","src":"https:\/\/i0.wp.com\/chiomedoro.com\/wp-content\/uploads\/2017\/10\/TheatreDuMonde.jpg?fit=1200%2C411&ssl=1&resize=350%2C200","width":350,"height":200,"srcset":"https:\/\/i0.wp.com\/chiomedoro.com\/wp-content\/uploads\/2017\/10\/TheatreDuMonde.jpg?fit=1200%2C411&ssl=1&resize=350%2C200 1x, https:\/\/i0.wp.com\/chiomedoro.com\/wp-content\/uploads\/2017\/10\/TheatreDuMonde.jpg?fit=1200%2C411&ssl=1&resize=525%2C300 1.5x, https:\/\/i0.wp.com\/chiomedoro.com\/wp-content\/uploads\/2017\/10\/TheatreDuMonde.jpg?fit=1200%2C411&ssl=1&resize=700%2C400 2x, https:\/\/i0.wp.com\/chiomedoro.com\/wp-content\/uploads\/2017\/10\/TheatreDuMonde.jpg?fit=1200%2C411&ssl=1&resize=1050%2C600 3x"},"classes":[]},{"id":1101,"url":"https:\/\/chiomedoro.com\/index.php\/roma-amor\/","url_meta":{"origin":91,"position":5},"title":"Roma amoR","author":"Admin","date":"30 novembre 2019","format":false,"excerpt":"Le monde\u00a0 de l\u2019Antiquit\u00e9 gr\u00e9co-romaine, avec les figures h\u00e9ro\u00efques de son histoire, les h\u00e9ros tragiques de sa\u00a0 litt\u00e9rature et le peuple divin, aux sentiments si humains, de ses mythes, fascine depuis des\u00a0 si\u00e8cles. D\u00e8s la Renaissance, la red\u00e9couverte des textes antiques ravive la passion pour ce monde\u00a0 r\u00e9volu avant m\u00eame\u2026","rel":"","context":"Article similaire","block_context":{"text":"Article similaire","link":""},"img":{"alt_text":"","src":"","width":0,"height":0},"classes":[]}],"_links":{"self":[{"href":"https:\/\/chiomedoro.com\/index.php\/wp-json\/wp\/v2\/pages\/91","targetHints":{"allow":["GET"]}}],"collection":[{"href":"https:\/\/chiomedoro.com\/index.php\/wp-json\/wp\/v2\/pages"}],"about":[{"href":"https:\/\/chiomedoro.com\/index.php\/wp-json\/wp\/v2\/types\/page"}],"author":[{"embeddable":true,"href":"https:\/\/chiomedoro.com\/index.php\/wp-json\/wp\/v2\/users\/2"}],"replies":[{"embeddable":true,"href":"https:\/\/chiomedoro.com\/index.php\/wp-json\/wp\/v2\/comments?post=91"}],"version-history":[{"count":2,"href":"https:\/\/chiomedoro.com\/index.php\/wp-json\/wp\/v2\/pages\/91\/revisions"}],"predecessor-version":[{"id":735,"href":"https:\/\/chiomedoro.com\/index.php\/wp-json\/wp\/v2\/pages\/91\/revisions\/735"}],"wp:featuredmedia":[{"embeddable":true,"href":"https:\/\/chiomedoro.com\/index.php\/wp-json\/wp\/v2\/media\/705"}],"wp:attachment":[{"href":"https:\/\/chiomedoro.com\/index.php\/wp-json\/wp\/v2\/media?parent=91"}],"curies":[{"name":"wp","href":"https:\/\/api.w.org\/{rel}","templated":true}]}}