{"id":80,"date":"2017-10-02T14:26:59","date_gmt":"2017-10-02T12:26:59","guid":{"rendered":"http:\/\/chiomedoro.com\/?page_id=80"},"modified":"2017-11-19T14:12:20","modified_gmt":"2017-11-19T13:12:20","slug":"le-theatre-du-monde","status":"publish","type":"page","link":"https:\/\/chiomedoro.com\/index.php\/le-theatre-du-monde\/","title":{"rendered":"Le Th\u00e9\u00e2tre du Monde"},"content":{"rendered":"<h4>Les affetti dans la musique s\u00e9culaire du\u00a0 XVII<sup>e<\/sup> si\u00e8cle italien<\/h4>\n<p>Au tournant du\u00a0 XVII<sup>e<\/sup> si\u00e8cle, certains compositeurs ont cherch\u00e9 divers moyens de mettre en sc\u00e8ne les \u00e9motions humaines. Ainsi, pour la premi\u00e8re fois, l\u2019amour, la haine et le d\u00e9sespoir se c\u00f4toient non seulement dans le texte, mais \u00e9galement dans la musique.<\/p>\n<p>En effet, d\u00e8s la fin de la Renaissance, la musique s\u2019efforce d\u2019exprimer le contenu affectif des textes en utilisant une symbolique sonore bas\u00e9e sur le jeu des extr\u00eames, qui rappelle fortement la technique du \u00ab clair-obscur \u00bb, initialement utilis\u00e9e en peinture depuis le\u00a0 XVI<sup>e<\/sup> si\u00e8cle, notamment par Le Caravage, pour cr\u00e9er des effets saisissants. Ainsi, le but de ces jeux de \u00ab lumi\u00e8re \u00bb, \u00e9galement employ\u00e9s en musique, est d\u2019exprimer des affects et donc de mouvoir les passions. La musique devient alors un v\u00e9ritable miroir de la vie humaine, un th\u00e9\u00e2tre du monde.<\/p>\n<p><strong>Avec des \u0153uvres de\u00a0:<\/strong><br \/>\nD\u2019India, Cavalli, Marini, Sartorio, Castello, Bassani, Monteverdi, Stradella<\/p>\n<p><strong>Effectif :<br \/>\n<\/strong>1 soprano, 2 cornets \u00e0 bouquin et fl\u00fbtes, 2 violons baroques,<br \/>\n1 viole de gambe, 1 th\u00e9orbe et guitare baroque, et 1 clavecin et orgue.<\/p>\n<p><strong>Total :<\/strong> 8 musiciens\u00a0\u00a0\u00a0 \u00a0\u00a0\u00a0\u00a0\u00a0\u00a0 Autre version possible en petit effectif<\/p>\n<p><strong>Dur\u00e9e :<\/strong> 1h environ<\/p>\n","protected":false},"excerpt":{"rendered":"<p>Les affetti dans la musique s\u00e9culaire du\u00a0 XVIIe si\u00e8cle italien Au tournant du\u00a0 XVIIe si\u00e8cle, certains compositeurs ont cherch\u00e9 divers moyens de mettre en sc\u00e8ne les \u00e9motions humaines. Ainsi, pour la premi\u00e8re fois, l\u2019amour, la haine et le d\u00e9sespoir se c\u00f4toient non seulement dans le texte, mais \u00e9galement dans la musique. En effet, d\u00e8s la [&hellip;]<\/p>\n","protected":false},"author":2,"featured_media":708,"parent":0,"menu_order":0,"comment_status":"closed","ping_status":"closed","template":"templates\/no-sidebar.php","meta":{"jetpack_post_was_ever_published":false,"footnotes":""},"class_list":["post-80","page","type-page","status-publish","has-post-thumbnail","hentry"],"jetpack_sharing_enabled":true,"jetpack_shortlink":"https:\/\/wp.me\/P9gKRr-1i","jetpack_likes_enabled":true,"jetpack-related-posts":[{"id":1108,"url":"https:\/\/chiomedoro.com\/index.php\/nos-disques\/","url_meta":{"origin":80,"position":0},"title":"Nos Disques","author":"Admin","date":"30 novembre 2019","format":false,"excerpt":"\"Le Th\u00e9\u00e2tre du Monde\", sorti en 2014 chez Claves Au tournant du XVIIe si\u00e8cle, certains compositeurs ont cherch\u00e9, pour la premi\u00e8re fois, \u00e0 exprimer musicalement, non plus les \u00e9motions des dieux, mais celles des hommes, bien plus violentes et profondes. L'amour, la haine et le d\u00e9sespoir sont r\u00e9unis sur la\u2026","rel":"","context":"Article similaire","block_context":{"text":"Article similaire","link":""},"img":{"alt_text":"","src":"https:\/\/i0.wp.com\/chiomedoro.com\/wp-content\/uploads\/2022\/11\/image-provisoir-TdM-1.jpg?resize=350%2C200&ssl=1","width":350,"height":200,"srcset":"https:\/\/i0.wp.com\/chiomedoro.com\/wp-content\/uploads\/2022\/11\/image-provisoir-TdM-1.jpg?resize=350%2C200&ssl=1 1x, https:\/\/i0.wp.com\/chiomedoro.com\/wp-content\/uploads\/2022\/11\/image-provisoir-TdM-1.jpg?resize=525%2C300&ssl=1 1.5x, https:\/\/i0.wp.com\/chiomedoro.com\/wp-content\/uploads\/2022\/11\/image-provisoir-TdM-1.jpg?resize=700%2C400&ssl=1 2x, https:\/\/i0.wp.com\/chiomedoro.com\/wp-content\/uploads\/2022\/11\/image-provisoir-TdM-1.jpg?resize=1050%2C600&ssl=1 3x, https:\/\/i0.wp.com\/chiomedoro.com\/wp-content\/uploads\/2022\/11\/image-provisoir-TdM-1.jpg?resize=1400%2C800&ssl=1 4x"},"classes":[]},{"id":1124,"url":"https:\/\/chiomedoro.com\/index.php\/da-monteverdi-a-monteverdi\/","url_meta":{"origin":80,"position":1},"title":"Da Monteverdi a Monteverdi","author":"Admin","date":"11 d\u00e9cembre 2019","format":false,"excerpt":"Ce programme est un hommage \u00e0 Claudio Monteverdi (1567-1643), le plus grand compositeur du XVIIe si\u00e8cle italien, aux qualit\u00e9s contrapuntiques et dramatiques exceptionnelles, tant dans la musique religieuse que dans la musique profane. Dans cette \u00e8re baroque des effets de contrastes, Monteverdi hissa l\u2019art du madrigal au plus haut degr\u00e9\u2026","rel":"","context":"Article similaire","block_context":{"text":"Article similaire","link":""},"img":{"alt_text":"","src":"https:\/\/i0.wp.com\/chiomedoro.com\/wp-content\/uploads\/2020\/01\/201809042131_D750_DSC_4671-1280.jpg?fit=1200%2C801&ssl=1&resize=350%2C200","width":350,"height":200,"srcset":"https:\/\/i0.wp.com\/chiomedoro.com\/wp-content\/uploads\/2020\/01\/201809042131_D750_DSC_4671-1280.jpg?fit=1200%2C801&ssl=1&resize=350%2C200 1x, https:\/\/i0.wp.com\/chiomedoro.com\/wp-content\/uploads\/2020\/01\/201809042131_D750_DSC_4671-1280.jpg?fit=1200%2C801&ssl=1&resize=525%2C300 1.5x, https:\/\/i0.wp.com\/chiomedoro.com\/wp-content\/uploads\/2020\/01\/201809042131_D750_DSC_4671-1280.jpg?fit=1200%2C801&ssl=1&resize=700%2C400 2x, https:\/\/i0.wp.com\/chiomedoro.com\/wp-content\/uploads\/2020\/01\/201809042131_D750_DSC_4671-1280.jpg?fit=1200%2C801&ssl=1&resize=1050%2C600 3x"},"classes":[]},{"id":93,"url":"https:\/\/chiomedoro.com\/index.php\/monteverdi-vivaldi-les-deux-lumieres-du-baroque\/","url_meta":{"origin":80,"position":2},"title":"Monteverdi-Vivaldi : les deux lumi\u00e8res du baroque","author":"Noemie","date":"2 octobre 2017","format":false,"excerpt":"Des polyphonies \u00e9clatantes de Gabrieli au style flamboyant de Vivaldi, en passant bien s\u00fbr par l\u2019illustre Monteverdi, tout cela s\u2019est pass\u00e9 \u00e0 Venise. En effet, cette ville commer\u00e7ante riche et puissante, a encourag\u00e9 les arts, tant profanes que sacr\u00e9s. En abritant la recherche musicale (comme par exemple Zarlino) et les\u2026","rel":"","context":"Article similaire","block_context":{"text":"Article similaire","link":""},"img":{"alt_text":"","src":"https:\/\/i0.wp.com\/chiomedoro.com\/wp-content\/uploads\/2017\/10\/MonteverdiVivaldi.jpg?fit=1200%2C411&ssl=1&resize=350%2C200","width":350,"height":200,"srcset":"https:\/\/i0.wp.com\/chiomedoro.com\/wp-content\/uploads\/2017\/10\/MonteverdiVivaldi.jpg?fit=1200%2C411&ssl=1&resize=350%2C200 1x, https:\/\/i0.wp.com\/chiomedoro.com\/wp-content\/uploads\/2017\/10\/MonteverdiVivaldi.jpg?fit=1200%2C411&ssl=1&resize=525%2C300 1.5x, https:\/\/i0.wp.com\/chiomedoro.com\/wp-content\/uploads\/2017\/10\/MonteverdiVivaldi.jpg?fit=1200%2C411&ssl=1&resize=700%2C400 2x, https:\/\/i0.wp.com\/chiomedoro.com\/wp-content\/uploads\/2017\/10\/MonteverdiVivaldi.jpg?fit=1200%2C411&ssl=1&resize=1050%2C600 3x"},"classes":[]},{"id":97,"url":"https:\/\/chiomedoro.com\/index.php\/giona-entre-lumiere-divine-et-musique-marine\/","url_meta":{"origin":80,"position":3},"title":"Giona : entre lumi\u00e8re divine et musique marine","author":"Noemie","date":"2 octobre 2017","format":false,"excerpt":"Oratorio Giona de Giovanni Battista Bassani mis en lumi\u00e8re et sc\u00e9nographi\u00e9 par David Debrinay, cr\u00e9ateur lumi\u00e8res. D\u00e9marche musicale: Au milieu du XVIIe si\u00e8cle, dans le nord de l\u2019Italie, le c\u0153ur de l\u2019oratorio moderne bat d\u00e9j\u00e0 pour rythmer le calendrier religieux. Nouvellement nomm\u00e9 ma\u00eetre de chapelle \u00e0 la cath\u00e9drale de Bergame,\u2026","rel":"","context":"Article similaire","block_context":{"text":"Article similaire","link":""},"img":{"alt_text":"","src":"https:\/\/i0.wp.com\/chiomedoro.com\/wp-content\/uploads\/2017\/10\/Giona.jpg?fit=1200%2C411&ssl=1&resize=350%2C200","width":350,"height":200,"srcset":"https:\/\/i0.wp.com\/chiomedoro.com\/wp-content\/uploads\/2017\/10\/Giona.jpg?fit=1200%2C411&ssl=1&resize=350%2C200 1x, https:\/\/i0.wp.com\/chiomedoro.com\/wp-content\/uploads\/2017\/10\/Giona.jpg?fit=1200%2C411&ssl=1&resize=525%2C300 1.5x, https:\/\/i0.wp.com\/chiomedoro.com\/wp-content\/uploads\/2017\/10\/Giona.jpg?fit=1200%2C411&ssl=1&resize=700%2C400 2x, https:\/\/i0.wp.com\/chiomedoro.com\/wp-content\/uploads\/2017\/10\/Giona.jpg?fit=1200%2C411&ssl=1&resize=1050%2C600 3x"},"classes":[]},{"id":25,"url":"https:\/\/chiomedoro.com\/index.php\/lensemble\/","url_meta":{"origin":80,"position":4},"title":"L&rsquo;Ensemble","author":"Admin","date":"26 septembre 2017","format":false,"excerpt":"ENSEMBLE CHIOME D\u2019ORO \u2013 Pierre-Louis R\u00e9tat, direction Fond\u00e9 en 2010 \u00e0 Gen\u00e8ve par le claveciniste Pierre-Louis R\u00e9tat et la soprano Capucine Keller, l\u2019ensemble Chiome d\u2019Oro doit son nom \u00e0 l\u2019un des madrigaux de Claudio Monteverdi \u00e0 qui les musiciens rendent ainsi hommage. D\u00e8s sa premi\u00e8re ann\u00e9e, l\u2019ensemble a b\u00e9n\u00e9fici\u00e9 du\u2026","rel":"","context":"Article similaire","block_context":{"text":"Article similaire","link":""},"img":{"alt_text":"","src":"https:\/\/i0.wp.com\/chiomedoro.com\/wp-content\/uploads\/2017\/09\/img0073.jpg?fit=809%2C435&ssl=1&resize=350%2C200","width":350,"height":200,"srcset":"https:\/\/i0.wp.com\/chiomedoro.com\/wp-content\/uploads\/2017\/09\/img0073.jpg?fit=809%2C435&ssl=1&resize=350%2C200 1x, https:\/\/i0.wp.com\/chiomedoro.com\/wp-content\/uploads\/2017\/09\/img0073.jpg?fit=809%2C435&ssl=1&resize=525%2C300 1.5x, https:\/\/i0.wp.com\/chiomedoro.com\/wp-content\/uploads\/2017\/09\/img0073.jpg?fit=809%2C435&ssl=1&resize=700%2C400 2x"},"classes":[]},{"id":95,"url":"https:\/\/chiomedoro.com\/index.php\/sparge-la-morte\/","url_meta":{"origin":80,"position":5},"title":"Sparge la Morte","author":"Noemie","date":"2 octobre 2017","format":false,"excerpt":"Dans ce si\u00e8cle du baroque italien - l\u2019\u00e8re des effets de contrastes par excellence -, les trois compositeurs Monteverdi, Gesualdo et D\u2019India ont hiss\u00e9 l\u2019art du madrigal au plus haut degr\u00e9 de sophistication et d\u2019expression, en m\u00e9langeant la ma\u00eetrise contrapuntique de la Renaissance et l\u2019audace exacerb\u00e9e de cette nouvelle \u00e9poque.\u2026","rel":"","context":"Article similaire","block_context":{"text":"Article similaire","link":""},"img":{"alt_text":"","src":"https:\/\/i0.wp.com\/chiomedoro.com\/wp-content\/uploads\/2017\/10\/SpargeLaMorte.jpg?fit=1200%2C411&ssl=1&resize=350%2C200","width":350,"height":200,"srcset":"https:\/\/i0.wp.com\/chiomedoro.com\/wp-content\/uploads\/2017\/10\/SpargeLaMorte.jpg?fit=1200%2C411&ssl=1&resize=350%2C200 1x, https:\/\/i0.wp.com\/chiomedoro.com\/wp-content\/uploads\/2017\/10\/SpargeLaMorte.jpg?fit=1200%2C411&ssl=1&resize=525%2C300 1.5x, https:\/\/i0.wp.com\/chiomedoro.com\/wp-content\/uploads\/2017\/10\/SpargeLaMorte.jpg?fit=1200%2C411&ssl=1&resize=700%2C400 2x, https:\/\/i0.wp.com\/chiomedoro.com\/wp-content\/uploads\/2017\/10\/SpargeLaMorte.jpg?fit=1200%2C411&ssl=1&resize=1050%2C600 3x"},"classes":[]}],"_links":{"self":[{"href":"https:\/\/chiomedoro.com\/index.php\/wp-json\/wp\/v2\/pages\/80","targetHints":{"allow":["GET"]}}],"collection":[{"href":"https:\/\/chiomedoro.com\/index.php\/wp-json\/wp\/v2\/pages"}],"about":[{"href":"https:\/\/chiomedoro.com\/index.php\/wp-json\/wp\/v2\/types\/page"}],"author":[{"embeddable":true,"href":"https:\/\/chiomedoro.com\/index.php\/wp-json\/wp\/v2\/users\/2"}],"replies":[{"embeddable":true,"href":"https:\/\/chiomedoro.com\/index.php\/wp-json\/wp\/v2\/comments?post=80"}],"version-history":[{"count":8,"href":"https:\/\/chiomedoro.com\/index.php\/wp-json\/wp\/v2\/pages\/80\/revisions"}],"predecessor-version":[{"id":1142,"href":"https:\/\/chiomedoro.com\/index.php\/wp-json\/wp\/v2\/pages\/80\/revisions\/1142"}],"wp:featuredmedia":[{"embeddable":true,"href":"https:\/\/chiomedoro.com\/index.php\/wp-json\/wp\/v2\/media\/708"}],"wp:attachment":[{"href":"https:\/\/chiomedoro.com\/index.php\/wp-json\/wp\/v2\/media?parent=80"}],"curies":[{"name":"wp","href":"https:\/\/api.w.org\/{rel}","templated":true}]}}