{"id":29,"date":"2017-09-26T18:39:32","date_gmt":"2017-09-26T16:39:32","guid":{"rendered":"http:\/\/chiomedoro.com\/?page_id=29"},"modified":"2017-10-18T17:49:48","modified_gmt":"2017-10-18T15:49:48","slug":"audio","status":"publish","type":"page","link":"https:\/\/chiomedoro.com\/index.php\/medias\/audio\/","title":{"rendered":"Audio"},"content":{"rendered":"<div class=\"cue-playlist-container\">\n<div class=\"cue-playlist cue-theme-mono\" itemscope itemtype=\"http:\/\/schema.org\/MusicPlaylist\">\n\t\n\t<meta itemprop=\"numTracks\" content=\"3\" \/>\n\n\t<audio src=\"http:\/\/chiomedoro.com\/wp-content\/uploads\/2017\/10\/Errores-fugate-mundate-vos-pectora-Extrait-motetto-Angelorum-ad-conviviam.m4a\" controls preload=\"none\" class=\"cue-audio\" style=\"width: 100%; height: auto\"><\/audio>\n\n\t<ol class=\"cue-tracks\">\n\t\t\t\t\t<li class=\"cue-track\" itemprop=\"track\" itemscope itemtype=\"http:\/\/schema.org\/MusicRecording\">\n\t\t\t\t\n\t\t\t\t<span class=\"cue-track-details cue-track-cell\">\n\t\t\t\t\t<span class=\"cue-track-title\" itemprop=\"name\">Errores fugate mundate vos pectora - Extrait motetto Angelorum ad conviviam<\/span>\n\t\t\t\t\t<span class=\"cue-track-artist\" itemprop=\"byArtist\"><\/span>\n\t\t\t\t<\/span>\n\n\t\t\t\t<span class=\"cue-track-actions cue-track-cell\"><\/span>\n\t\t\t\t<span class=\"cue-track-length cue-track-cell\">3:34<\/span>\n\n\t\t\t\t\t\t\t<\/li>\n\t\t\t\t\t<li class=\"cue-track\" itemprop=\"track\" itemscope itemtype=\"http:\/\/schema.org\/MusicRecording\">\n\t\t\t\t\n\t\t\t\t<span class=\"cue-track-details cue-track-cell\">\n\t\t\t\t\t<span class=\"cue-track-title\" itemprop=\"name\">Zefiro Torna E Di Soavi Accenti - Claudio Monteverdi<\/span>\n\t\t\t\t\t<span class=\"cue-track-artist\" itemprop=\"byArtist\"><\/span>\n\t\t\t\t<\/span>\n\n\t\t\t\t<span class=\"cue-track-actions cue-track-cell\"><\/span>\n\t\t\t\t<span class=\"cue-track-length cue-track-cell\">6:42<\/span>\n\n\t\t\t\t\t\t\t<\/li>\n\t\t\t\t\t<li class=\"cue-track\" itemprop=\"track\" itemscope itemtype=\"http:\/\/schema.org\/MusicRecording\">\n\t\t\t\t\n\t\t\t\t<span class=\"cue-track-details cue-track-cell\">\n\t\t\t\t\t<span class=\"cue-track-title\" itemprop=\"name\">Queste Lagrime E Sospiri - Alessandro Stradella<\/span>\n\t\t\t\t\t<span class=\"cue-track-artist\" itemprop=\"byArtist\"><\/span>\n\t\t\t\t<\/span>\n\n\t\t\t\t<span class=\"cue-track-actions cue-track-cell\"><\/span>\n\t\t\t\t<span class=\"cue-track-length cue-track-cell\">5:23<\/span>\n\n\t\t\t\t\t\t\t<\/li>\n\t\t\t<\/ol>\n\n\t\t\t<div class=\"cue-share-dialog\">\n\t\t\t<h2 class=\"cue-share-dialog-title\">Embed<\/h2>\n\t\t\t<p>\n\t\t\t\tCopy and paste this code to your site to embed.\t\t\t<\/p>\n\t\t\t<p>\n\t\t\t\t<textarea rows=\"3\" onclick=\"this.select();\" readonly>&lt;iframe class=&quot;cue-embed&quot; src=&quot;https:\/\/chiomedoro.com\/?cue_embed=liste&amp;#038;cue_theme=mono&quot; frameborder=&quot;0&quot; marginwidth=&quot;0&quot; marginheight=&quot;0&quot; width=&quot;100%&quot; height=&quot;400&quot;&gt;&lt;\/iframe&gt;&lt;script src=&quot;https:\/\/chiomedoro.com\/wp-content\/plugins\/cuepro\/assets\/js\/embed.min.js&quot;&gt;&lt;\/script&gt;<\/textarea>\n\t\t\t<\/p>\n\t\t\t<button class=\"cue-share-dialog-close js-close\" title=\"Close\">\n\t\t\t\t<svg xmlns=\"http:\/\/www.w3.org\/2000\/svg\" xmlns:xlink=\"http:\/\/www.w3.org\/1999\/xlink\" viewBox=\"0 0 24 24\">\n\t\t\t\t\t<path d=\"M21,4.41L19.59,3L12,10.59L4.41,3L3,4.41L10.59,12L3,19.59L4.41,21L12,13.41L19.59,21L21,19.59L13.41,12L21,4.41z\"\/>\n\t\t\t\t<\/svg>\n\t\t\t<\/button>\n\t\t<\/div>\n\t\t<\/div>\n\t\t<script type=\"application\/json\" class=\"cue-playlist-data\">{\"embed_link\":\"https:\\\/\\\/chiomedoro.com\\\/?cue_embed=liste&cue_theme=mono\",\"permalink\":\"https:\\\/\\\/chiomedoro.com\\\/?cue_playlist=liste\",\"skin\":\"cue-skin-mono\",\"thumbnail\":\"https:\\\/\\\/i0.wp.com\\\/chiomedoro.com\\\/wp-content\\\/uploads\\\/2017\\\/10\\\/chiome_doro_cd.jpg?fit=300%2C270&ssl=1\",\"tracks\":[{\"artist\":\"\",\"artworkId\":0,\"artworkUrl\":\"\",\"audioId\":146,\"audioUrl\":\"http:\\\/\\\/chiomedoro.com\\\/wp-content\\\/uploads\\\/2017\\\/10\\\/Errores-fugate-mundate-vos-pectora-Extrait-motetto-Angelorum-ad-conviviam.m4a\",\"format\":\"mp4\",\"length\":\"3:34\",\"title\":\"Errores fugate mundate vos pectora - Extrait motetto Angelorum ad conviviam\",\"order\":0,\"m4a\":\"http:\\\/\\\/chiomedoro.com\\\/wp-content\\\/uploads\\\/2017\\\/10\\\/Errores-fugate-mundate-vos-pectora-Extrait-motetto-Angelorum-ad-conviviam.m4a\",\"downloadUrl\":\"\",\"purchaseText\":\"Buy\",\"purchaseUrl\":\"\",\"meta\":{\"artist\":\"\",\"length_formatted\":\"3:34\"},\"src\":\"http:\\\/\\\/chiomedoro.com\\\/wp-content\\\/uploads\\\/2017\\\/10\\\/Errores-fugate-mundate-vos-pectora-Extrait-motetto-Angelorum-ad-conviviam.m4a\",\"thumb\":{\"src\":\"\"}},{\"artist\":\"\",\"artworkId\":0,\"artworkUrl\":\"\",\"audioId\":144,\"audioUrl\":\"http:\\\/\\\/chiomedoro.com\\\/wp-content\\\/uploads\\\/2017\\\/10\\\/01-Zefiro-Torna-E-Di-Soavi-Accenti-Claudio-Monteverdi.m4a\",\"format\":\"mp4\",\"length\":\"6:42\",\"title\":\"Zefiro Torna E Di Soavi Accenti - Claudio Monteverdi\",\"order\":1,\"m4a\":\"http:\\\/\\\/chiomedoro.com\\\/wp-content\\\/uploads\\\/2017\\\/10\\\/01-Zefiro-Torna-E-Di-Soavi-Accenti-Claudio-Monteverdi.m4a\",\"downloadUrl\":\"\",\"purchaseText\":\"Buy\",\"purchaseUrl\":\"\",\"meta\":{\"artist\":\"\",\"length_formatted\":\"6:42\"},\"src\":\"http:\\\/\\\/chiomedoro.com\\\/wp-content\\\/uploads\\\/2017\\\/10\\\/01-Zefiro-Torna-E-Di-Soavi-Accenti-Claudio-Monteverdi.m4a\",\"thumb\":{\"src\":\"\"}},{\"artist\":\"\",\"artworkId\":0,\"artworkUrl\":\"\",\"audioId\":145,\"audioUrl\":\"http:\\\/\\\/chiomedoro.com\\\/wp-content\\\/uploads\\\/2017\\\/10\\\/02-Queste-Lagrime-E-Sospiri-Alessandro-Stradella.m4a\",\"format\":\"mp4\",\"length\":\"5:23\",\"title\":\"Queste Lagrime E Sospiri - Alessandro Stradella\",\"order\":2,\"m4a\":\"http:\\\/\\\/chiomedoro.com\\\/wp-content\\\/uploads\\\/2017\\\/10\\\/02-Queste-Lagrime-E-Sospiri-Alessandro-Stradella.m4a\",\"downloadUrl\":\"\",\"purchaseText\":\"Buy\",\"purchaseUrl\":\"\",\"meta\":{\"artist\":\"\",\"length_formatted\":\"5:23\"},\"src\":\"http:\\\/\\\/chiomedoro.com\\\/wp-content\\\/uploads\\\/2017\\\/10\\\/02-Queste-Lagrime-E-Sospiri-Alessandro-Stradella.m4a\",\"thumb\":{\"src\":\"\"}}]}<\/script>\n\t\t<\/div>\n","protected":false},"excerpt":{"rendered":"","protected":false},"author":1,"featured_media":0,"parent":27,"menu_order":0,"comment_status":"closed","ping_status":"closed","template":"templates\/no-sidebar.php","meta":{"jetpack_post_was_ever_published":false,"footnotes":""},"class_list":["post-29","page","type-page","status-publish","hentry"],"jetpack_sharing_enabled":false,"jetpack_shortlink":"https:\/\/wp.me\/P9gKRr-t","jetpack_likes_enabled":true,"jetpack-related-posts":[{"id":493,"url":"https:\/\/chiomedoro.com\/index.php\/lensemble\/les-musiciens\/","url_meta":{"origin":29,"position":0},"title":"Les musiciens","author":"Noemie","date":"30 octobre 2017","format":false,"excerpt":"","rel":"","context":"Article similaire","block_context":{"text":"Article similaire","link":""},"img":{"alt_text":"","src":"","width":0,"height":0},"classes":[]},{"id":41,"url":"https:\/\/chiomedoro.com\/index.php\/contact\/nous-contacter\/","url_meta":{"origin":29,"position":1},"title":"Nous contacter","author":"Admin","date":"26 septembre 2017","format":false,"excerpt":"N\u2019h\u00e9sitez pas \u00e0 nous contacter pour \u00e9changer \u00e0 propos de projets pass\u00e9s ou futurs. Vous pouvez \u00e9galement nous contacter via le formulaire pour vous procurer un de nos disques \"Le Th\u00e9\u00e2tre du Monde\" ou le dernier \"Da Monteverdi a Monteverdi\"","rel":"","context":"Article similaire","block_context":{"text":"Article similaire","link":""},"img":{"alt_text":"","src":"","width":0,"height":0},"classes":[]},{"id":958,"url":"https:\/\/chiomedoro.com\/index.php\/amici\/","url_meta":{"origin":29,"position":2},"title":"Stage choral \u00ab\u00a0Amici\u00a0\u00bb","author":"Admin","date":"3 avril 2019","format":false,"excerpt":"Apr\u00e8s plusieurs mois d'attente, nous pouvons enfin vous proposer la suite du stage de l'\u00e9t\u00e9 2021 . Nous resterons avec Claudio Monteverdi, 30 minutes de musique incroyable ! Avant toute chose, voila les dates et les modalit\u00e9s, le programme arrivera un peu plus tard, ainsi que le mat\u00e9riel audio pour\u2026","rel":"","context":"Article similaire","block_context":{"text":"Article similaire","link":""},"img":{"alt_text":"","src":"https:\/\/i0.wp.com\/chiomedoro.com\/wp-content\/uploads\/2019\/04\/600x337_600x337_bernardo_strozzi_-_claudio_monteverdi_c.1630.jpg?resize=350%2C200&ssl=1","width":350,"height":200,"srcset":"https:\/\/i0.wp.com\/chiomedoro.com\/wp-content\/uploads\/2019\/04\/600x337_600x337_bernardo_strozzi_-_claudio_monteverdi_c.1630.jpg?resize=350%2C200&ssl=1 1x, https:\/\/i0.wp.com\/chiomedoro.com\/wp-content\/uploads\/2019\/04\/600x337_600x337_bernardo_strozzi_-_claudio_monteverdi_c.1630.jpg?resize=525%2C300&ssl=1 1.5x"},"classes":[]},{"id":95,"url":"https:\/\/chiomedoro.com\/index.php\/sparge-la-morte\/","url_meta":{"origin":29,"position":3},"title":"Sparge la Morte","author":"Noemie","date":"2 octobre 2017","format":false,"excerpt":"Dans ce si\u00e8cle du baroque italien - l\u2019\u00e8re des effets de contrastes par excellence -, les trois compositeurs Monteverdi, Gesualdo et D\u2019India ont hiss\u00e9 l\u2019art du madrigal au plus haut degr\u00e9 de sophistication et d\u2019expression, en m\u00e9langeant la ma\u00eetrise contrapuntique de la Renaissance et l\u2019audace exacerb\u00e9e de cette nouvelle \u00e9poque.\u2026","rel":"","context":"Article similaire","block_context":{"text":"Article similaire","link":""},"img":{"alt_text":"","src":"https:\/\/i0.wp.com\/chiomedoro.com\/wp-content\/uploads\/2017\/10\/SpargeLaMorte.jpg?fit=1200%2C411&ssl=1&resize=350%2C200","width":350,"height":200,"srcset":"https:\/\/i0.wp.com\/chiomedoro.com\/wp-content\/uploads\/2017\/10\/SpargeLaMorte.jpg?fit=1200%2C411&ssl=1&resize=350%2C200 1x, https:\/\/i0.wp.com\/chiomedoro.com\/wp-content\/uploads\/2017\/10\/SpargeLaMorte.jpg?fit=1200%2C411&ssl=1&resize=525%2C300 1.5x, https:\/\/i0.wp.com\/chiomedoro.com\/wp-content\/uploads\/2017\/10\/SpargeLaMorte.jpg?fit=1200%2C411&ssl=1&resize=700%2C400 2x, https:\/\/i0.wp.com\/chiomedoro.com\/wp-content\/uploads\/2017\/10\/SpargeLaMorte.jpg?fit=1200%2C411&ssl=1&resize=1050%2C600 3x"},"classes":[]},{"id":1531,"url":"https:\/\/chiomedoro.com\/index.php\/1531-2\/","url_meta":{"origin":29,"position":4},"title":"Les divins caprices, la suite","author":"Admin","date":"19 juin 2023","format":false,"excerpt":"Nous sommes ravis de vous pr\u00e9senter en exclusivit\u00e9 le tout premier trailer de notre dernier spectacle \u00e9poustouflant, \"Les Divins Caprices\" !\u00a0 Ce spectacle incroyable a \u00e9t\u00e9 le fruit de 3 repr\u00e9sentations \u00e0 guichets ferm\u00e9s, 2 r\u00e9sidences de cr\u00e9ation intenses et la participation de 15 artistes talentueux. Tout cela dans un\u2026","rel":"","context":"Article similaire","block_context":{"text":"Article similaire","link":""},"img":{"alt_text":"","src":"https:\/\/i0.wp.com\/chiomedoro.com\/wp-content\/uploads\/2023\/06\/IMG-20230606-WA0020.jpg?resize=350%2C200&ssl=1","width":350,"height":200,"srcset":"https:\/\/i0.wp.com\/chiomedoro.com\/wp-content\/uploads\/2023\/06\/IMG-20230606-WA0020.jpg?resize=350%2C200&ssl=1 1x, https:\/\/i0.wp.com\/chiomedoro.com\/wp-content\/uploads\/2023\/06\/IMG-20230606-WA0020.jpg?resize=525%2C300&ssl=1 1.5x, https:\/\/i0.wp.com\/chiomedoro.com\/wp-content\/uploads\/2023\/06\/IMG-20230606-WA0020.jpg?resize=700%2C400&ssl=1 2x"},"classes":[]}],"_links":{"self":[{"href":"https:\/\/chiomedoro.com\/index.php\/wp-json\/wp\/v2\/pages\/29","targetHints":{"allow":["GET"]}}],"collection":[{"href":"https:\/\/chiomedoro.com\/index.php\/wp-json\/wp\/v2\/pages"}],"about":[{"href":"https:\/\/chiomedoro.com\/index.php\/wp-json\/wp\/v2\/types\/page"}],"author":[{"embeddable":true,"href":"https:\/\/chiomedoro.com\/index.php\/wp-json\/wp\/v2\/users\/1"}],"replies":[{"embeddable":true,"href":"https:\/\/chiomedoro.com\/index.php\/wp-json\/wp\/v2\/comments?post=29"}],"version-history":[{"count":7,"href":"https:\/\/chiomedoro.com\/index.php\/wp-json\/wp\/v2\/pages\/29\/revisions"}],"predecessor-version":[{"id":452,"href":"https:\/\/chiomedoro.com\/index.php\/wp-json\/wp\/v2\/pages\/29\/revisions\/452"}],"up":[{"embeddable":true,"href":"https:\/\/chiomedoro.com\/index.php\/wp-json\/wp\/v2\/pages\/27"}],"wp:attachment":[{"href":"https:\/\/chiomedoro.com\/index.php\/wp-json\/wp\/v2\/media?parent=29"}],"curies":[{"name":"wp","href":"https:\/\/api.w.org\/{rel}","templated":true}]}}