{"id":25,"date":"2017-09-26T18:38:36","date_gmt":"2017-09-26T16:38:36","guid":{"rendered":"http:\/\/chiomedoro.com\/?page_id=25"},"modified":"2022-11-12T13:25:32","modified_gmt":"2022-11-12T12:25:32","slug":"lensemble","status":"publish","type":"page","link":"https:\/\/chiomedoro.com\/index.php\/lensemble\/","title":{"rendered":"L&rsquo;Ensemble"},"content":{"rendered":"<p style=\"font-weight: 400;\"><strong>ENSEMBLE CHIOME D\u2019ORO \u2013 Pierre-Louis R\u00e9tat, direction<\/strong><\/p>\n<p style=\"font-weight: 400;\">Fond\u00e9 en 2010 \u00e0 Gen\u00e8ve par le claveciniste Pierre-Louis R\u00e9tat et la soprano Capucine Keller, l\u2019ensemble Chiome d\u2019Oro doit son nom \u00e0 l\u2019un des madrigaux de Claudio Monteverdi \u00e0 qui les musiciens rendent ainsi hommage.<\/p>\n<p style=\"font-weight: 400;\">\n<p style=\"font-weight: 400;\">D\u00e8s sa premi\u00e8re ann\u00e9e, l\u2019ensemble a b\u00e9n\u00e9fici\u00e9 du soutien du Centre culturel de rencontre d\u2019Ambronay en participant aux r\u00e9sidences Jeune Ensemble. D\u00e8s lors, Chiome d\u2019Oro se produit r\u00e9guli\u00e8rement au gr\u00e9 des invitations en Suisse et en Europe, et n\u2019h\u00e9site pas \u00e9galement \u00e0 cr\u00e9er ses propres projets : En 2014, il enregistre en autoproduction son premier disque,\u00a0<em>Th\u00e9\u00e2tre du Monde<\/em>, autour des \u00e9motions dans la musique baroque italienne. Le succ\u00e8s sera imm\u00e9diat et ce disque sera ensuite distribu\u00e9 digitalement par la maison de disque Claves.\u00a0En 2016, la recr\u00e9ation de l\u2019oratorio Giona de Bassani, projet faramineux avec illustration immersive lumineuse, remplira cinq fois l\u2019abbaye de Bonmont, puis l\u2019abbatiale du c\u00e9l\u00e8bre Festival d\u2019Ambronay.\u00a0Depuis 2017, Chiome d\u2019Oro propose chaque ann\u00e9e sur le canton de Gen\u00e8ve une saison de concerts exp\u00e9rimentaux, du nom de \u00ab Lab\u2019Oratoire baroque de Chiome d\u2019Oro \u00bb. Ces concerts ont pour but de faire d\u00e9couvrir la musique\u00a0ancienne au plus grand nombre puisqu\u2019ils sont \u00ab au chapeau \u00bb et en toute d\u00e9contraction.\u00a0En 2018, les musiciens se lancent dans l\u2019enregistrement de\u00a0<em>Da Monteverdi a Monteverdi<\/em>, leur deuxi\u00e8me disque, toujours autoproduit, autour de la musique polyphonique de ce grand compositeur.<\/p>\n<p style=\"font-weight: 400;\">En 2020, l\u2019ensemble devait f\u00eater ses dix ans en interpr\u00e9tant les sublimes\u00a0<em>V\u00eapres \u00e0 la Vierge<\/em>, toujours de Monteverdi, \u00e0 l\u2019abbaye de Bonmont, au Victoria Hall de Gen\u00e8ve, puis dans le cadre du Festival d\u2019Ambronay, en compagnie du grand ch\u0153ur Amici de 130 personnes r\u00e9unies sp\u00e9cialement pour l\u2019\u00e9v\u00e9nement.\u00a0Malheureusement ce beau projet a d\u00fb \u00eatre annul\u00e9 en raison de la crise sanitaire de la COVID-19.<\/p>\n<p style=\"font-weight: 400;\">\n<p style=\"font-weight: 400;\">Dans tous ses projets, la ligne interpr\u00e9tative de Chiome d\u2019Oro reste la m\u00eame : explorer l\u2019univers musical baroque en s\u2019inspirant du principe visuel de \u00ab Clair- Obscur \u00bb pour jouer sur de forts contrastes justifi\u00e9s par le texte et augmenter ainsi la tension dramatique des \u0153uvres interpr\u00e9t\u00e9es.\u00a0De plus, les musiciens de Chiome d\u2019Oro, qui jouent sur des copies d\u2019instruments historiques, ont tous en commun l\u2019envie de transformer les codes du concert pour chambouler le spectateur et lui proposer une approche sensible de la musique baroque.<\/p>\n","protected":false},"excerpt":{"rendered":"<p>ENSEMBLE CHIOME D\u2019ORO \u2013 Pierre-Louis R\u00e9tat, direction Fond\u00e9 en 2010 \u00e0 Gen\u00e8ve par le claveciniste Pierre-Louis R\u00e9tat et la soprano Capucine Keller, l\u2019ensemble Chiome d\u2019Oro doit son nom \u00e0 l\u2019un des madrigaux de Claudio Monteverdi \u00e0 qui les musiciens rendent ainsi hommage. D\u00e8s sa premi\u00e8re ann\u00e9e, l\u2019ensemble a b\u00e9n\u00e9fici\u00e9 du soutien du Centre culturel de [&hellip;]<\/p>\n","protected":false},"author":1,"featured_media":120,"parent":0,"menu_order":0,"comment_status":"closed","ping_status":"closed","template":"templates\/no-sidebar.php","meta":{"jetpack_post_was_ever_published":false,"footnotes":""},"class_list":["post-25","page","type-page","status-publish","has-post-thumbnail","hentry"],"jetpack_sharing_enabled":true,"jetpack_shortlink":"https:\/\/wp.me\/P9gKRr-p","jetpack_likes_enabled":true,"jetpack-related-posts":[{"id":43,"url":"https:\/\/chiomedoro.com\/index.php\/contact\/nous-soutenir\/","url_meta":{"origin":25,"position":0},"title":"Nous soutenir","author":"Admin","date":"26 septembre 2017","format":false,"excerpt":"L\u2019ensemble Chiome d\u2019Oro, qui existe depuis 2010, a pris un tout autre envol depuis la cr\u00e9ation de l\u2019association des amis de Chiome d\u2019Oro en 2013. Gr\u00e2ce au soutien de ses membres dont la cotisation s\u2019apparente \u00e0 un petit m\u00e9c\u00e9nat, les musiciens de l\u2019ensemble peuvent esp\u00e9rer r\u00e9aliser leurs id\u00e9es les plus\u2026","rel":"","context":"Article similaire","block_context":{"text":"Article similaire","link":""},"img":{"alt_text":"","src":"","width":0,"height":0},"classes":[]},{"id":1297,"url":"https:\/\/chiomedoro.com\/index.php\/choeur-amici\/","url_meta":{"origin":25,"position":1},"title":"Choeur Amici #2023","author":"Admin","date":"19 octobre 2021","format":false,"excerpt":"La polyphonie en Italie, en Espagne et au Nouveau Monde: l'\u00c2ge d'Or Le stage 2023 Amici, en collaboration avec l'ensemble Chiome d'Oro, sera consacr\u00e9 cette ann\u00e9e \u00e0 l'exploration de la polyphonie sacr\u00e9e. Au tournant du 17\u00e8me si\u00e8cle, la polyphonie atteint des sommets, que ce soit dans l'expression d'\u00e9motion, dans la\u2026","rel":"","context":"Article similaire","block_context":{"text":"Article similaire","link":""},"img":{"alt_text":"","src":"https:\/\/i0.wp.com\/chiomedoro.com\/wp-content\/uploads\/2023\/02\/L-interieur-cathedrale-Construite-partir-1155-Notre-Dame-Laon-aurait-inspire-concepteurs-celles-Paris-Chartres-Reims-Lausanne-Magdebourg_0.webp?resize=350%2C200&ssl=1","width":350,"height":200,"srcset":"https:\/\/i0.wp.com\/chiomedoro.com\/wp-content\/uploads\/2023\/02\/L-interieur-cathedrale-Construite-partir-1155-Notre-Dame-Laon-aurait-inspire-concepteurs-celles-Paris-Chartres-Reims-Lausanne-Magdebourg_0.webp?resize=350%2C200&ssl=1 1x, https:\/\/i0.wp.com\/chiomedoro.com\/wp-content\/uploads\/2023\/02\/L-interieur-cathedrale-Construite-partir-1155-Notre-Dame-Laon-aurait-inspire-concepteurs-celles-Paris-Chartres-Reims-Lausanne-Magdebourg_0.webp?resize=525%2C300&ssl=1 1.5x, https:\/\/i0.wp.com\/chiomedoro.com\/wp-content\/uploads\/2023\/02\/L-interieur-cathedrale-Construite-partir-1155-Notre-Dame-Laon-aurait-inspire-concepteurs-celles-Paris-Chartres-Reims-Lausanne-Magdebourg_0.webp?resize=700%2C400&ssl=1 2x"},"classes":[]},{"id":91,"url":"https:\/\/chiomedoro.com\/index.php\/capriccio-damore\/","url_meta":{"origin":25,"position":2},"title":"Capriccio d\u2019Amore","author":"Noemie","date":"2 octobre 2017","format":false,"excerpt":"L\u2019amour en tranche fine... L\u2019Ensemble Chiome d\u2019Oro diss\u00e8que les relations amoureuses, et va nous faire pleurer de rire et de tristesse en se penchant sur les charmes et les d\u00e9senchantements de la vie de couple. Ce programme original, concoct\u00e9 sous la forme d\u2019un petit op\u00e9ra sans mise en sc\u00e8ne, a\u2026","rel":"","context":"Article similaire","block_context":{"text":"Article similaire","link":""},"img":{"alt_text":"","src":"https:\/\/i0.wp.com\/chiomedoro.com\/wp-content\/uploads\/2017\/10\/CapriccioDAmore.jpg?fit=1200%2C411&ssl=1&resize=350%2C200","width":350,"height":200,"srcset":"https:\/\/i0.wp.com\/chiomedoro.com\/wp-content\/uploads\/2017\/10\/CapriccioDAmore.jpg?fit=1200%2C411&ssl=1&resize=350%2C200 1x, https:\/\/i0.wp.com\/chiomedoro.com\/wp-content\/uploads\/2017\/10\/CapriccioDAmore.jpg?fit=1200%2C411&ssl=1&resize=525%2C300 1.5x, https:\/\/i0.wp.com\/chiomedoro.com\/wp-content\/uploads\/2017\/10\/CapriccioDAmore.jpg?fit=1200%2C411&ssl=1&resize=700%2C400 2x, https:\/\/i0.wp.com\/chiomedoro.com\/wp-content\/uploads\/2017\/10\/CapriccioDAmore.jpg?fit=1200%2C411&ssl=1&resize=1050%2C600 3x"},"classes":[]},{"id":1531,"url":"https:\/\/chiomedoro.com\/index.php\/1531-2\/","url_meta":{"origin":25,"position":3},"title":"Les divins caprices, la suite","author":"Admin","date":"19 juin 2023","format":false,"excerpt":"Nous sommes ravis de vous pr\u00e9senter en exclusivit\u00e9 le tout premier trailer de notre dernier spectacle \u00e9poustouflant, \"Les Divins Caprices\" !\u00a0 Ce spectacle incroyable a \u00e9t\u00e9 le fruit de 3 repr\u00e9sentations \u00e0 guichets ferm\u00e9s, 2 r\u00e9sidences de cr\u00e9ation intenses et la participation de 15 artistes talentueux. Tout cela dans un\u2026","rel":"","context":"Article similaire","block_context":{"text":"Article similaire","link":""},"img":{"alt_text":"","src":"https:\/\/i0.wp.com\/chiomedoro.com\/wp-content\/uploads\/2023\/06\/IMG-20230606-WA0020.jpg?resize=350%2C200&ssl=1","width":350,"height":200,"srcset":"https:\/\/i0.wp.com\/chiomedoro.com\/wp-content\/uploads\/2023\/06\/IMG-20230606-WA0020.jpg?resize=350%2C200&ssl=1 1x, https:\/\/i0.wp.com\/chiomedoro.com\/wp-content\/uploads\/2023\/06\/IMG-20230606-WA0020.jpg?resize=525%2C300&ssl=1 1.5x, https:\/\/i0.wp.com\/chiomedoro.com\/wp-content\/uploads\/2023\/06\/IMG-20230606-WA0020.jpg?resize=700%2C400&ssl=1 2x"},"classes":[]},{"id":1100,"url":"https:\/\/chiomedoro.com\/index.php\/obstinement\/","url_meta":{"origin":25,"position":4},"title":"Obstin\u00e9ment","author":"Admin","date":"30 novembre 2019","format":false,"excerpt":"L'ostinato - cette basse qui se r\u00e9p\u00e8te inlassablement selon une m\u00eame formule - est l'un des points caract\u00e9ristiques de la musique baroque. C'est souvent elle qui installe, avant le texte, l'ambiance \u00e9motionnelle d'une pi\u00e8ce. Qui ne reconnait pas imm\u00e9diatement le lamento de Didon de Purcell \u00e0 sa descente chromatique r\u00e9p\u00e9t\u00e9e\u2026","rel":"","context":"Article similaire","block_context":{"text":"Article similaire","link":""},"img":{"alt_text":"","src":"https:\/\/i0.wp.com\/chiomedoro.com\/wp-content\/uploads\/2022\/11\/Visuel-Obstinement-scaled.jpg?fit=1200%2C576&ssl=1&resize=350%2C200","width":350,"height":200,"srcset":"https:\/\/i0.wp.com\/chiomedoro.com\/wp-content\/uploads\/2022\/11\/Visuel-Obstinement-scaled.jpg?fit=1200%2C576&ssl=1&resize=350%2C200 1x, https:\/\/i0.wp.com\/chiomedoro.com\/wp-content\/uploads\/2022\/11\/Visuel-Obstinement-scaled.jpg?fit=1200%2C576&ssl=1&resize=525%2C300 1.5x, https:\/\/i0.wp.com\/chiomedoro.com\/wp-content\/uploads\/2022\/11\/Visuel-Obstinement-scaled.jpg?fit=1200%2C576&ssl=1&resize=700%2C400 2x, https:\/\/i0.wp.com\/chiomedoro.com\/wp-content\/uploads\/2022\/11\/Visuel-Obstinement-scaled.jpg?fit=1200%2C576&ssl=1&resize=1050%2C600 3x"},"classes":[]},{"id":97,"url":"https:\/\/chiomedoro.com\/index.php\/giona-entre-lumiere-divine-et-musique-marine\/","url_meta":{"origin":25,"position":5},"title":"Giona : entre lumi\u00e8re divine et musique marine","author":"Noemie","date":"2 octobre 2017","format":false,"excerpt":"Oratorio Giona de Giovanni Battista Bassani mis en lumi\u00e8re et sc\u00e9nographi\u00e9 par David Debrinay, cr\u00e9ateur lumi\u00e8res. D\u00e9marche musicale: Au milieu du XVIIe si\u00e8cle, dans le nord de l\u2019Italie, le c\u0153ur de l\u2019oratorio moderne bat d\u00e9j\u00e0 pour rythmer le calendrier religieux. Nouvellement nomm\u00e9 ma\u00eetre de chapelle \u00e0 la cath\u00e9drale de Bergame,\u2026","rel":"","context":"Article similaire","block_context":{"text":"Article similaire","link":""},"img":{"alt_text":"","src":"https:\/\/i0.wp.com\/chiomedoro.com\/wp-content\/uploads\/2017\/10\/Giona.jpg?fit=1200%2C411&ssl=1&resize=350%2C200","width":350,"height":200,"srcset":"https:\/\/i0.wp.com\/chiomedoro.com\/wp-content\/uploads\/2017\/10\/Giona.jpg?fit=1200%2C411&ssl=1&resize=350%2C200 1x, https:\/\/i0.wp.com\/chiomedoro.com\/wp-content\/uploads\/2017\/10\/Giona.jpg?fit=1200%2C411&ssl=1&resize=525%2C300 1.5x, https:\/\/i0.wp.com\/chiomedoro.com\/wp-content\/uploads\/2017\/10\/Giona.jpg?fit=1200%2C411&ssl=1&resize=700%2C400 2x, https:\/\/i0.wp.com\/chiomedoro.com\/wp-content\/uploads\/2017\/10\/Giona.jpg?fit=1200%2C411&ssl=1&resize=1050%2C600 3x"},"classes":[]}],"_links":{"self":[{"href":"https:\/\/chiomedoro.com\/index.php\/wp-json\/wp\/v2\/pages\/25","targetHints":{"allow":["GET"]}}],"collection":[{"href":"https:\/\/chiomedoro.com\/index.php\/wp-json\/wp\/v2\/pages"}],"about":[{"href":"https:\/\/chiomedoro.com\/index.php\/wp-json\/wp\/v2\/types\/page"}],"author":[{"embeddable":true,"href":"https:\/\/chiomedoro.com\/index.php\/wp-json\/wp\/v2\/users\/1"}],"replies":[{"embeddable":true,"href":"https:\/\/chiomedoro.com\/index.php\/wp-json\/wp\/v2\/comments?post=25"}],"version-history":[{"count":12,"href":"https:\/\/chiomedoro.com\/index.php\/wp-json\/wp\/v2\/pages\/25\/revisions"}],"predecessor-version":[{"id":1394,"href":"https:\/\/chiomedoro.com\/index.php\/wp-json\/wp\/v2\/pages\/25\/revisions\/1394"}],"wp:featuredmedia":[{"embeddable":true,"href":"https:\/\/chiomedoro.com\/index.php\/wp-json\/wp\/v2\/media\/120"}],"wp:attachment":[{"href":"https:\/\/chiomedoro.com\/index.php\/wp-json\/wp\/v2\/media?parent=25"}],"curies":[{"name":"wp","href":"https:\/\/api.w.org\/{rel}","templated":true}]}}