{"id":1108,"date":"2019-11-30T08:41:28","date_gmt":"2019-11-30T07:41:28","guid":{"rendered":"http:\/\/chiomedoro.com\/?page_id=1108"},"modified":"2022-11-13T09:11:50","modified_gmt":"2022-11-13T08:11:50","slug":"nos-disques","status":"publish","type":"page","link":"https:\/\/chiomedoro.com\/index.php\/nos-disques\/","title":{"rendered":"Nos Disques"},"content":{"rendered":"\n<p>\u00ab\u00a0Le Th\u00e9\u00e2tre du Monde\u00a0\u00bb, sorti en 2014 chez <a rel=\"noreferrer noopener\" href=\"https:\/\/www.claves.ch\/collections\/ensemble-chiome-d-oro\/products\/le-theatre-du-monde\" target=\"_blank\">Claves<\/a><\/p>\n\n\n\n<figure class=\"wp-block-image size-large\"><img data-recalc-dims=\"1\" loading=\"lazy\" decoding=\"async\" width=\"720\" height=\"320\" data-attachment-id=\"1404\" data-permalink=\"https:\/\/chiomedoro.com\/index.php\/nos-disques\/image-provisoir-tdm-1\/\" data-orig-file=\"https:\/\/i0.wp.com\/chiomedoro.com\/wp-content\/uploads\/2022\/11\/image-provisoir-TdM-1.jpg?fit=1876%2C834&amp;ssl=1\" data-orig-size=\"1876,834\" data-comments-opened=\"0\" data-image-meta=\"{&quot;aperture&quot;:&quot;0&quot;,&quot;credit&quot;:&quot;&quot;,&quot;camera&quot;:&quot;&quot;,&quot;caption&quot;:&quot;&quot;,&quot;created_timestamp&quot;:&quot;0&quot;,&quot;copyright&quot;:&quot;&quot;,&quot;focal_length&quot;:&quot;0&quot;,&quot;iso&quot;:&quot;0&quot;,&quot;shutter_speed&quot;:&quot;0&quot;,&quot;title&quot;:&quot;&quot;,&quot;orientation&quot;:&quot;1&quot;}\" data-image-title=\"image-provisoir-TdM-1\" data-image-description=\"\" data-image-caption=\"\" data-large-file=\"https:\/\/i0.wp.com\/chiomedoro.com\/wp-content\/uploads\/2022\/11\/image-provisoir-TdM-1.jpg?fit=720%2C320&amp;ssl=1\" src=\"https:\/\/i0.wp.com\/chiomedoro.com\/wp-content\/uploads\/2022\/11\/image-provisoir-TdM-1.jpg?resize=720%2C320&#038;ssl=1\" alt=\"\" class=\"wp-image-1404\" srcset=\"https:\/\/i0.wp.com\/chiomedoro.com\/wp-content\/uploads\/2022\/11\/image-provisoir-TdM-1.jpg?resize=1024%2C455&amp;ssl=1 1024w, https:\/\/i0.wp.com\/chiomedoro.com\/wp-content\/uploads\/2022\/11\/image-provisoir-TdM-1.jpg?resize=300%2C133&amp;ssl=1 300w, https:\/\/i0.wp.com\/chiomedoro.com\/wp-content\/uploads\/2022\/11\/image-provisoir-TdM-1.jpg?resize=768%2C341&amp;ssl=1 768w, https:\/\/i0.wp.com\/chiomedoro.com\/wp-content\/uploads\/2022\/11\/image-provisoir-TdM-1.jpg?resize=1536%2C683&amp;ssl=1 1536w, https:\/\/i0.wp.com\/chiomedoro.com\/wp-content\/uploads\/2022\/11\/image-provisoir-TdM-1.jpg?w=1876&amp;ssl=1 1876w, https:\/\/i0.wp.com\/chiomedoro.com\/wp-content\/uploads\/2022\/11\/image-provisoir-TdM-1.jpg?w=1440&amp;ssl=1 1440w\" sizes=\"auto, (max-width: 720px) 100vw, 720px\" \/><\/figure>\n\n\n\n<p class=\"has-text-align-justify\">Au tournant du XVIIe si\u00e8cle, certains compositeurs ont cherch\u00e9, pour la premi\u00e8re fois, \u00e0 exprimer musicalement, non plus les \u00e9motions des dieux, mais celles des hommes, bien plus violentes et profondes. L&rsquo;amour, la haine et le d\u00e9sespoir sont r\u00e9unis sur la m\u00eame sc\u00e8ne: la sc\u00e8ne des vivants. D\u00e8s la fin de la Renaissance, la musique s\u2019efforce d\u2019exprimer ce contenu affectif des textes en utilisant une symbolique sonore, bas\u00e9e sur le jeu des extr\u00eames, qui rappelle fortement la technique du \u00ab clair-obscur \u00bb, initialement utilis\u00e9e en peinture depuis le XVIIe si\u00e8cle, notamment par Le Caravage, pour cr\u00e9er des effets dramatiques saisissants. On retrouve ce proc\u00e9d\u00e9 de contraste dans les \u00e9l\u00e9ments qui caract\u00e9risent la musique baroque : oppositions entre notes courtes et notes tenues, diff\u00e9renciation des registres graves et aigus, et symbolisation des modes majeurs et mineurs. Ces contrastes, parfois violents, cr\u00e9ent des effets de \u00abclair-obscur \u00bb. Le but de ces jeux de \u00ab lumi\u00e8res \u00bb en musique est de faire ressortir un sentiment, un affect. Gr\u00e2ce \u00e0 l&rsquo;art de la rh\u00e9torique, qui n&rsquo;est autre que des correspondances entre la Nature et des codes artistiques conventionn\u00e9s, l&rsquo;art peut exprimer ces affects et toucher les hommes. La musique est alors un v\u00e9ritable miroir de la vie des hommes, un Th\u00e9\u00e2tre du Monde.<\/p>\n\n\n\n<figure class=\"wp-block-video\"><video height=\"1080\" style=\"aspect-ratio: 1920 \/ 1080;\" width=\"1920\" controls src=\"https:\/\/chiomedoro.com\/wp-content\/uploads\/2022\/11\/CdO-Teaser-TdM.mp4\"><\/video><\/figure>\n\n\n\n<p>\u00ab\u00a0Da Monteverdi a Monteverdi\u00a0\u00bb, sorti en 2018, bient\u00f4t chez Claves<\/p>\n\n\n\n<figure class=\"wp-block-image size-large\"><img data-recalc-dims=\"1\" loading=\"lazy\" decoding=\"async\" width=\"720\" height=\"312\" data-attachment-id=\"1403\" data-permalink=\"https:\/\/chiomedoro.com\/index.php\/nos-disques\/image-provisoire-dmaam-2\/\" data-orig-file=\"https:\/\/i0.wp.com\/chiomedoro.com\/wp-content\/uploads\/2022\/11\/image-provisoire-DMaAM.jpg?fit=1892%2C820&amp;ssl=1\" data-orig-size=\"1892,820\" data-comments-opened=\"0\" data-image-meta=\"{&quot;aperture&quot;:&quot;0&quot;,&quot;credit&quot;:&quot;&quot;,&quot;camera&quot;:&quot;&quot;,&quot;caption&quot;:&quot;&quot;,&quot;created_timestamp&quot;:&quot;0&quot;,&quot;copyright&quot;:&quot;&quot;,&quot;focal_length&quot;:&quot;0&quot;,&quot;iso&quot;:&quot;0&quot;,&quot;shutter_speed&quot;:&quot;0&quot;,&quot;title&quot;:&quot;&quot;,&quot;orientation&quot;:&quot;1&quot;}\" data-image-title=\"image-provisoire-DMaAM\" data-image-description=\"\" data-image-caption=\"\" data-large-file=\"https:\/\/i0.wp.com\/chiomedoro.com\/wp-content\/uploads\/2022\/11\/image-provisoire-DMaAM.jpg?fit=720%2C312&amp;ssl=1\" src=\"https:\/\/i0.wp.com\/chiomedoro.com\/wp-content\/uploads\/2022\/11\/image-provisoire-DMaAM.jpg?resize=720%2C312&#038;ssl=1\" alt=\"\" class=\"wp-image-1403\" srcset=\"https:\/\/i0.wp.com\/chiomedoro.com\/wp-content\/uploads\/2022\/11\/image-provisoire-DMaAM.jpg?resize=1024%2C444&amp;ssl=1 1024w, https:\/\/i0.wp.com\/chiomedoro.com\/wp-content\/uploads\/2022\/11\/image-provisoire-DMaAM.jpg?resize=300%2C130&amp;ssl=1 300w, https:\/\/i0.wp.com\/chiomedoro.com\/wp-content\/uploads\/2022\/11\/image-provisoire-DMaAM.jpg?resize=768%2C333&amp;ssl=1 768w, https:\/\/i0.wp.com\/chiomedoro.com\/wp-content\/uploads\/2022\/11\/image-provisoire-DMaAM.jpg?resize=1536%2C666&amp;ssl=1 1536w, https:\/\/i0.wp.com\/chiomedoro.com\/wp-content\/uploads\/2022\/11\/image-provisoire-DMaAM.jpg?w=1892&amp;ssl=1 1892w, https:\/\/i0.wp.com\/chiomedoro.com\/wp-content\/uploads\/2022\/11\/image-provisoire-DMaAM.jpg?w=1440&amp;ssl=1 1440w\" sizes=\"auto, (max-width: 720px) 100vw, 720px\" \/><\/figure>\n\n\n\n<p class=\"has-text-align-justify\">Ce programme est un hommage \u00e0 Claudio Monteverdi (1567-1643), le plus grand compositeur du XVIIe si\u00e8cle italien, aux qualit\u00e9s contrapuntiques et dramatiques exceptionnelles, tant dans la musique religieuse que dans la musique profane.Dans cette \u00e8re baroque des effets de contrastes, Monteverdi hissa l\u2019art du madrigal au plus haut degr\u00e9 de sophistication.Le contrepoint est ici au service de la po\u00e9sie et souligne la moindre allusion du texte. Des chromatismes d\u00e9chirants aux fausses relations \u00e9tranges en passant par les dissonances attaqu\u00e9es qui transpercent les lignes m\u00e9lodiques: cette science musicale h\u00e9rit\u00e9e du pass\u00e9 devient le moyen id\u00e9al d\u2019exprimer les \u00e9motions humaines les plus profondes. Ainsi, les madrigaux de ce programme ont tous en commun une sensualit\u00e9 sonore presque physique.A ce programme s\u2019ajoute des monodies de conception analogue, chant\u00e9s \u00e0 chaque fois par une voix diff\u00e9rente du quintette vocal. Ceux-ci seront ici le vecteur de sentiments plus int\u00e9rieurs qui offriront de v\u00e9ritables respirations entre ces madrigaux \u00e0 l\u2019intensit\u00e9 immersive extr\u00eame.Ce programme vu dans sa totalit\u00e9 nous permettra de profiter de tout le talent de composition de Claudio Monteverdi \u00e0 travers sa musique non-sc\u00e9nique et de passer ainsi par tout un \u00e9ventail d\u2019\u00e9motions, finalement toujours tr\u00e8s actuelles&#8230;<\/p>\n\n\n\n<figure class=\"wp-block-video\"><video height=\"720\" style=\"aspect-ratio: 1280 \/ 720;\" width=\"1280\" controls src=\"https:\/\/chiomedoro.com\/wp-content\/uploads\/2022\/11\/teaser-du-disque-DMaM.mp4\"><\/video><\/figure>\n","protected":false},"excerpt":{"rendered":"<p>\u00ab\u00a0Le Th\u00e9\u00e2tre du Monde\u00a0\u00bb, sorti en 2014 chez Claves Au tournant du XVIIe si\u00e8cle, certains compositeurs ont cherch\u00e9, pour la premi\u00e8re fois, \u00e0 exprimer musicalement, non plus les \u00e9motions des dieux, mais celles des hommes, bien plus violentes et profondes. L&rsquo;amour, la haine et le d\u00e9sespoir sont r\u00e9unis sur la m\u00eame sc\u00e8ne: la sc\u00e8ne des [&hellip;]<\/p>\n","protected":false},"author":1,"featured_media":0,"parent":0,"menu_order":0,"comment_status":"closed","ping_status":"closed","template":"","meta":{"jetpack_post_was_ever_published":false,"footnotes":""},"class_list":["post-1108","page","type-page","status-publish","hentry"],"jetpack_sharing_enabled":true,"jetpack_shortlink":"https:\/\/wp.me\/P9gKRr-hS","jetpack_likes_enabled":true,"jetpack-related-posts":[{"id":80,"url":"https:\/\/chiomedoro.com\/index.php\/le-theatre-du-monde\/","url_meta":{"origin":1108,"position":0},"title":"Le Th\u00e9\u00e2tre du Monde","author":"Noemie","date":"2 octobre 2017","format":false,"excerpt":"Les affetti dans la musique s\u00e9culaire du\u00a0 XVIIe si\u00e8cle italien Au tournant du\u00a0 XVIIe si\u00e8cle, certains compositeurs ont cherch\u00e9 divers moyens de mettre en sc\u00e8ne les \u00e9motions humaines. Ainsi, pour la premi\u00e8re fois, l\u2019amour, la haine et le d\u00e9sespoir se c\u00f4toient non seulement dans le texte, mais \u00e9galement dans la\u2026","rel":"","context":"Article similaire","block_context":{"text":"Article similaire","link":""},"img":{"alt_text":"","src":"https:\/\/i0.wp.com\/chiomedoro.com\/wp-content\/uploads\/2017\/10\/TheatreDuMonde.jpg?fit=1200%2C411&ssl=1&resize=350%2C200","width":350,"height":200,"srcset":"https:\/\/i0.wp.com\/chiomedoro.com\/wp-content\/uploads\/2017\/10\/TheatreDuMonde.jpg?fit=1200%2C411&ssl=1&resize=350%2C200 1x, https:\/\/i0.wp.com\/chiomedoro.com\/wp-content\/uploads\/2017\/10\/TheatreDuMonde.jpg?fit=1200%2C411&ssl=1&resize=525%2C300 1.5x, https:\/\/i0.wp.com\/chiomedoro.com\/wp-content\/uploads\/2017\/10\/TheatreDuMonde.jpg?fit=1200%2C411&ssl=1&resize=700%2C400 2x, https:\/\/i0.wp.com\/chiomedoro.com\/wp-content\/uploads\/2017\/10\/TheatreDuMonde.jpg?fit=1200%2C411&ssl=1&resize=1050%2C600 3x"},"classes":[]},{"id":25,"url":"https:\/\/chiomedoro.com\/index.php\/lensemble\/","url_meta":{"origin":1108,"position":1},"title":"L&rsquo;Ensemble","author":"Admin","date":"26 septembre 2017","format":false,"excerpt":"ENSEMBLE CHIOME D\u2019ORO \u2013 Pierre-Louis R\u00e9tat, direction Fond\u00e9 en 2010 \u00e0 Gen\u00e8ve par le claveciniste Pierre-Louis R\u00e9tat et la soprano Capucine Keller, l\u2019ensemble Chiome d\u2019Oro doit son nom \u00e0 l\u2019un des madrigaux de Claudio Monteverdi \u00e0 qui les musiciens rendent ainsi hommage. D\u00e8s sa premi\u00e8re ann\u00e9e, l\u2019ensemble a b\u00e9n\u00e9fici\u00e9 du\u2026","rel":"","context":"Article similaire","block_context":{"text":"Article similaire","link":""},"img":{"alt_text":"","src":"https:\/\/i0.wp.com\/chiomedoro.com\/wp-content\/uploads\/2017\/09\/img0073.jpg?fit=809%2C435&ssl=1&resize=350%2C200","width":350,"height":200,"srcset":"https:\/\/i0.wp.com\/chiomedoro.com\/wp-content\/uploads\/2017\/09\/img0073.jpg?fit=809%2C435&ssl=1&resize=350%2C200 1x, https:\/\/i0.wp.com\/chiomedoro.com\/wp-content\/uploads\/2017\/09\/img0073.jpg?fit=809%2C435&ssl=1&resize=525%2C300 1.5x, https:\/\/i0.wp.com\/chiomedoro.com\/wp-content\/uploads\/2017\/09\/img0073.jpg?fit=809%2C435&ssl=1&resize=700%2C400 2x"},"classes":[]},{"id":93,"url":"https:\/\/chiomedoro.com\/index.php\/monteverdi-vivaldi-les-deux-lumieres-du-baroque\/","url_meta":{"origin":1108,"position":2},"title":"Monteverdi-Vivaldi : les deux lumi\u00e8res du baroque","author":"Noemie","date":"2 octobre 2017","format":false,"excerpt":"Des polyphonies \u00e9clatantes de Gabrieli au style flamboyant de Vivaldi, en passant bien s\u00fbr par l\u2019illustre Monteverdi, tout cela s\u2019est pass\u00e9 \u00e0 Venise. En effet, cette ville commer\u00e7ante riche et puissante, a encourag\u00e9 les arts, tant profanes que sacr\u00e9s. En abritant la recherche musicale (comme par exemple Zarlino) et les\u2026","rel":"","context":"Article similaire","block_context":{"text":"Article similaire","link":""},"img":{"alt_text":"","src":"https:\/\/i0.wp.com\/chiomedoro.com\/wp-content\/uploads\/2017\/10\/MonteverdiVivaldi.jpg?fit=1200%2C411&ssl=1&resize=350%2C200","width":350,"height":200,"srcset":"https:\/\/i0.wp.com\/chiomedoro.com\/wp-content\/uploads\/2017\/10\/MonteverdiVivaldi.jpg?fit=1200%2C411&ssl=1&resize=350%2C200 1x, https:\/\/i0.wp.com\/chiomedoro.com\/wp-content\/uploads\/2017\/10\/MonteverdiVivaldi.jpg?fit=1200%2C411&ssl=1&resize=525%2C300 1.5x, https:\/\/i0.wp.com\/chiomedoro.com\/wp-content\/uploads\/2017\/10\/MonteverdiVivaldi.jpg?fit=1200%2C411&ssl=1&resize=700%2C400 2x, https:\/\/i0.wp.com\/chiomedoro.com\/wp-content\/uploads\/2017\/10\/MonteverdiVivaldi.jpg?fit=1200%2C411&ssl=1&resize=1050%2C600 3x"},"classes":[]},{"id":91,"url":"https:\/\/chiomedoro.com\/index.php\/capriccio-damore\/","url_meta":{"origin":1108,"position":3},"title":"Capriccio d\u2019Amore","author":"Noemie","date":"2 octobre 2017","format":false,"excerpt":"L\u2019amour en tranche fine... L\u2019Ensemble Chiome d\u2019Oro diss\u00e8que les relations amoureuses, et va nous faire pleurer de rire et de tristesse en se penchant sur les charmes et les d\u00e9senchantements de la vie de couple. Ce programme original, concoct\u00e9 sous la forme d\u2019un petit op\u00e9ra sans mise en sc\u00e8ne, a\u2026","rel":"","context":"Article similaire","block_context":{"text":"Article similaire","link":""},"img":{"alt_text":"","src":"https:\/\/i0.wp.com\/chiomedoro.com\/wp-content\/uploads\/2017\/10\/CapriccioDAmore.jpg?fit=1200%2C411&ssl=1&resize=350%2C200","width":350,"height":200,"srcset":"https:\/\/i0.wp.com\/chiomedoro.com\/wp-content\/uploads\/2017\/10\/CapriccioDAmore.jpg?fit=1200%2C411&ssl=1&resize=350%2C200 1x, https:\/\/i0.wp.com\/chiomedoro.com\/wp-content\/uploads\/2017\/10\/CapriccioDAmore.jpg?fit=1200%2C411&ssl=1&resize=525%2C300 1.5x, https:\/\/i0.wp.com\/chiomedoro.com\/wp-content\/uploads\/2017\/10\/CapriccioDAmore.jpg?fit=1200%2C411&ssl=1&resize=700%2C400 2x, https:\/\/i0.wp.com\/chiomedoro.com\/wp-content\/uploads\/2017\/10\/CapriccioDAmore.jpg?fit=1200%2C411&ssl=1&resize=1050%2C600 3x"},"classes":[]},{"id":1531,"url":"https:\/\/chiomedoro.com\/index.php\/1531-2\/","url_meta":{"origin":1108,"position":4},"title":"Les divins caprices, la suite","author":"Admin","date":"19 juin 2023","format":false,"excerpt":"Nous sommes ravis de vous pr\u00e9senter en exclusivit\u00e9 le tout premier trailer de notre dernier spectacle \u00e9poustouflant, \"Les Divins Caprices\" !\u00a0 Ce spectacle incroyable a \u00e9t\u00e9 le fruit de 3 repr\u00e9sentations \u00e0 guichets ferm\u00e9s, 2 r\u00e9sidences de cr\u00e9ation intenses et la participation de 15 artistes talentueux. Tout cela dans un\u2026","rel":"","context":"Article similaire","block_context":{"text":"Article similaire","link":""},"img":{"alt_text":"","src":"https:\/\/i0.wp.com\/chiomedoro.com\/wp-content\/uploads\/2023\/06\/IMG-20230606-WA0020.jpg?resize=350%2C200&ssl=1","width":350,"height":200,"srcset":"https:\/\/i0.wp.com\/chiomedoro.com\/wp-content\/uploads\/2023\/06\/IMG-20230606-WA0020.jpg?resize=350%2C200&ssl=1 1x, https:\/\/i0.wp.com\/chiomedoro.com\/wp-content\/uploads\/2023\/06\/IMG-20230606-WA0020.jpg?resize=525%2C300&ssl=1 1.5x, https:\/\/i0.wp.com\/chiomedoro.com\/wp-content\/uploads\/2023\/06\/IMG-20230606-WA0020.jpg?resize=700%2C400&ssl=1 2x"},"classes":[]},{"id":95,"url":"https:\/\/chiomedoro.com\/index.php\/sparge-la-morte\/","url_meta":{"origin":1108,"position":5},"title":"Sparge la Morte","author":"Noemie","date":"2 octobre 2017","format":false,"excerpt":"Dans ce si\u00e8cle du baroque italien - l\u2019\u00e8re des effets de contrastes par excellence -, les trois compositeurs Monteverdi, Gesualdo et D\u2019India ont hiss\u00e9 l\u2019art du madrigal au plus haut degr\u00e9 de sophistication et d\u2019expression, en m\u00e9langeant la ma\u00eetrise contrapuntique de la Renaissance et l\u2019audace exacerb\u00e9e de cette nouvelle \u00e9poque.\u2026","rel":"","context":"Article similaire","block_context":{"text":"Article similaire","link":""},"img":{"alt_text":"","src":"https:\/\/i0.wp.com\/chiomedoro.com\/wp-content\/uploads\/2017\/10\/SpargeLaMorte.jpg?fit=1200%2C411&ssl=1&resize=350%2C200","width":350,"height":200,"srcset":"https:\/\/i0.wp.com\/chiomedoro.com\/wp-content\/uploads\/2017\/10\/SpargeLaMorte.jpg?fit=1200%2C411&ssl=1&resize=350%2C200 1x, https:\/\/i0.wp.com\/chiomedoro.com\/wp-content\/uploads\/2017\/10\/SpargeLaMorte.jpg?fit=1200%2C411&ssl=1&resize=525%2C300 1.5x, https:\/\/i0.wp.com\/chiomedoro.com\/wp-content\/uploads\/2017\/10\/SpargeLaMorte.jpg?fit=1200%2C411&ssl=1&resize=700%2C400 2x, https:\/\/i0.wp.com\/chiomedoro.com\/wp-content\/uploads\/2017\/10\/SpargeLaMorte.jpg?fit=1200%2C411&ssl=1&resize=1050%2C600 3x"},"classes":[]}],"_links":{"self":[{"href":"https:\/\/chiomedoro.com\/index.php\/wp-json\/wp\/v2\/pages\/1108","targetHints":{"allow":["GET"]}}],"collection":[{"href":"https:\/\/chiomedoro.com\/index.php\/wp-json\/wp\/v2\/pages"}],"about":[{"href":"https:\/\/chiomedoro.com\/index.php\/wp-json\/wp\/v2\/types\/page"}],"author":[{"embeddable":true,"href":"https:\/\/chiomedoro.com\/index.php\/wp-json\/wp\/v2\/users\/1"}],"replies":[{"embeddable":true,"href":"https:\/\/chiomedoro.com\/index.php\/wp-json\/wp\/v2\/comments?post=1108"}],"version-history":[{"count":8,"href":"https:\/\/chiomedoro.com\/index.php\/wp-json\/wp\/v2\/pages\/1108\/revisions"}],"predecessor-version":[{"id":1417,"href":"https:\/\/chiomedoro.com\/index.php\/wp-json\/wp\/v2\/pages\/1108\/revisions\/1417"}],"wp:attachment":[{"href":"https:\/\/chiomedoro.com\/index.php\/wp-json\/wp\/v2\/media?parent=1108"}],"curies":[{"name":"wp","href":"https:\/\/api.w.org\/{rel}","templated":true}]}}