{"id":1100,"date":"2019-11-30T08:31:52","date_gmt":"2019-11-30T07:31:52","guid":{"rendered":"http:\/\/chiomedoro.com\/?page_id=1100"},"modified":"2022-11-13T09:11:15","modified_gmt":"2022-11-13T08:11:15","slug":"obstinement","status":"publish","type":"page","link":"https:\/\/chiomedoro.com\/index.php\/obstinement\/","title":{"rendered":"Obstin\u00e9ment"},"content":{"rendered":"\n<p class=\"has-text-align-justify\"> L&rsquo;ostinato &#8211; cette basse qui se r\u00e9p\u00e8te inlassablement selon une m\u00eame formule &#8211; est l&rsquo;un des points  caract\u00e9ristiques de la musique baroque. C&rsquo;est souvent elle qui installe, avant le texte, l&rsquo;ambiance  \u00e9motionnelle d&rsquo;une pi\u00e8ce. Qui ne reconnait pas imm\u00e9diatement le lamento de Didon de Purcell \u00e0 sa  descente chromatique r\u00e9p\u00e9t\u00e9e ind\u00e9finiment tels des larmes coulant sur une joue ? Qui peut r\u00e9sister \u00e0  la tentation de remuer du bassin \u00e0 l&rsquo;\u00e9coute de la chaconne de Zefiro torna de Monteverdi ? L&rsquo;ensemble  Chiome d&rsquo;Oro  &lsquo;amusera de ces diff\u00e9rentes basses baroques pour traverser les fronti\u00e8res g\u00e9ographiques, mais aussi pour voyager dans le temps en interpr\u00e9tant certaines \u0153uvres de musique  actuelle ou de musique populaire tels le tango ou la tarentella, toutes bas\u00e9es sur ce m\u00eame principe de  basse  obstin\u00e9e. En effet, les plus grands de musiciens de tout lieu et de tout \u00e2ge l&rsquo;ont bien compris :  Pourquoi donc se priver d&rsquo;une formule qui marche ? <\/p>\n","protected":false},"excerpt":{"rendered":"<p>L&rsquo;ostinato &#8211; cette basse qui se r\u00e9p\u00e8te inlassablement selon une m\u00eame formule &#8211; est l&rsquo;un des points caract\u00e9ristiques de la musique baroque. C&rsquo;est souvent elle qui installe, avant le texte, l&rsquo;ambiance \u00e9motionnelle d&rsquo;une pi\u00e8ce. Qui ne reconnait pas imm\u00e9diatement le lamento de Didon de Purcell \u00e0 sa descente chromatique r\u00e9p\u00e9t\u00e9e ind\u00e9finiment tels des larmes coulant [&hellip;]<\/p>\n","protected":false},"author":1,"featured_media":1413,"parent":0,"menu_order":0,"comment_status":"closed","ping_status":"closed","template":"","meta":{"jetpack_post_was_ever_published":false,"footnotes":""},"class_list":["post-1100","page","type-page","status-publish","has-post-thumbnail","hentry"],"jetpack_sharing_enabled":true,"jetpack_shortlink":"https:\/\/wp.me\/P9gKRr-hK","jetpack_likes_enabled":true,"jetpack-related-posts":[{"id":1108,"url":"https:\/\/chiomedoro.com\/index.php\/nos-disques\/","url_meta":{"origin":1100,"position":0},"title":"Nos Disques","author":"Admin","date":"30 novembre 2019","format":false,"excerpt":"\"Le Th\u00e9\u00e2tre du Monde\", sorti en 2014 chez Claves Au tournant du XVIIe si\u00e8cle, certains compositeurs ont cherch\u00e9, pour la premi\u00e8re fois, \u00e0 exprimer musicalement, non plus les \u00e9motions des dieux, mais celles des hommes, bien plus violentes et profondes. L'amour, la haine et le d\u00e9sespoir sont r\u00e9unis sur la\u2026","rel":"","context":"Article similaire","block_context":{"text":"Article similaire","link":""},"img":{"alt_text":"","src":"https:\/\/i0.wp.com\/chiomedoro.com\/wp-content\/uploads\/2022\/11\/image-provisoir-TdM-1.jpg?resize=350%2C200&ssl=1","width":350,"height":200,"srcset":"https:\/\/i0.wp.com\/chiomedoro.com\/wp-content\/uploads\/2022\/11\/image-provisoir-TdM-1.jpg?resize=350%2C200&ssl=1 1x, https:\/\/i0.wp.com\/chiomedoro.com\/wp-content\/uploads\/2022\/11\/image-provisoir-TdM-1.jpg?resize=525%2C300&ssl=1 1.5x, https:\/\/i0.wp.com\/chiomedoro.com\/wp-content\/uploads\/2022\/11\/image-provisoir-TdM-1.jpg?resize=700%2C400&ssl=1 2x, https:\/\/i0.wp.com\/chiomedoro.com\/wp-content\/uploads\/2022\/11\/image-provisoir-TdM-1.jpg?resize=1050%2C600&ssl=1 3x, https:\/\/i0.wp.com\/chiomedoro.com\/wp-content\/uploads\/2022\/11\/image-provisoir-TdM-1.jpg?resize=1400%2C800&ssl=1 4x"},"classes":[]},{"id":93,"url":"https:\/\/chiomedoro.com\/index.php\/monteverdi-vivaldi-les-deux-lumieres-du-baroque\/","url_meta":{"origin":1100,"position":1},"title":"Monteverdi-Vivaldi : les deux lumi\u00e8res du baroque","author":"Noemie","date":"2 octobre 2017","format":false,"excerpt":"Des polyphonies \u00e9clatantes de Gabrieli au style flamboyant de Vivaldi, en passant bien s\u00fbr par l\u2019illustre Monteverdi, tout cela s\u2019est pass\u00e9 \u00e0 Venise. En effet, cette ville commer\u00e7ante riche et puissante, a encourag\u00e9 les arts, tant profanes que sacr\u00e9s. En abritant la recherche musicale (comme par exemple Zarlino) et les\u2026","rel":"","context":"Article similaire","block_context":{"text":"Article similaire","link":""},"img":{"alt_text":"","src":"https:\/\/i0.wp.com\/chiomedoro.com\/wp-content\/uploads\/2017\/10\/MonteverdiVivaldi.jpg?fit=1200%2C411&ssl=1&resize=350%2C200","width":350,"height":200,"srcset":"https:\/\/i0.wp.com\/chiomedoro.com\/wp-content\/uploads\/2017\/10\/MonteverdiVivaldi.jpg?fit=1200%2C411&ssl=1&resize=350%2C200 1x, https:\/\/i0.wp.com\/chiomedoro.com\/wp-content\/uploads\/2017\/10\/MonteverdiVivaldi.jpg?fit=1200%2C411&ssl=1&resize=525%2C300 1.5x, https:\/\/i0.wp.com\/chiomedoro.com\/wp-content\/uploads\/2017\/10\/MonteverdiVivaldi.jpg?fit=1200%2C411&ssl=1&resize=700%2C400 2x, https:\/\/i0.wp.com\/chiomedoro.com\/wp-content\/uploads\/2017\/10\/MonteverdiVivaldi.jpg?fit=1200%2C411&ssl=1&resize=1050%2C600 3x"},"classes":[]},{"id":97,"url":"https:\/\/chiomedoro.com\/index.php\/giona-entre-lumiere-divine-et-musique-marine\/","url_meta":{"origin":1100,"position":2},"title":"Giona : entre lumi\u00e8re divine et musique marine","author":"Noemie","date":"2 octobre 2017","format":false,"excerpt":"Oratorio Giona de Giovanni Battista Bassani mis en lumi\u00e8re et sc\u00e9nographi\u00e9 par David Debrinay, cr\u00e9ateur lumi\u00e8res. D\u00e9marche musicale: Au milieu du XVIIe si\u00e8cle, dans le nord de l\u2019Italie, le c\u0153ur de l\u2019oratorio moderne bat d\u00e9j\u00e0 pour rythmer le calendrier religieux. Nouvellement nomm\u00e9 ma\u00eetre de chapelle \u00e0 la cath\u00e9drale de Bergame,\u2026","rel":"","context":"Article similaire","block_context":{"text":"Article similaire","link":""},"img":{"alt_text":"","src":"https:\/\/i0.wp.com\/chiomedoro.com\/wp-content\/uploads\/2017\/10\/Giona.jpg?fit=1200%2C411&ssl=1&resize=350%2C200","width":350,"height":200,"srcset":"https:\/\/i0.wp.com\/chiomedoro.com\/wp-content\/uploads\/2017\/10\/Giona.jpg?fit=1200%2C411&ssl=1&resize=350%2C200 1x, https:\/\/i0.wp.com\/chiomedoro.com\/wp-content\/uploads\/2017\/10\/Giona.jpg?fit=1200%2C411&ssl=1&resize=525%2C300 1.5x, https:\/\/i0.wp.com\/chiomedoro.com\/wp-content\/uploads\/2017\/10\/Giona.jpg?fit=1200%2C411&ssl=1&resize=700%2C400 2x, https:\/\/i0.wp.com\/chiomedoro.com\/wp-content\/uploads\/2017\/10\/Giona.jpg?fit=1200%2C411&ssl=1&resize=1050%2C600 3x"},"classes":[]},{"id":91,"url":"https:\/\/chiomedoro.com\/index.php\/capriccio-damore\/","url_meta":{"origin":1100,"position":3},"title":"Capriccio d\u2019Amore","author":"Noemie","date":"2 octobre 2017","format":false,"excerpt":"L\u2019amour en tranche fine... L\u2019Ensemble Chiome d\u2019Oro diss\u00e8que les relations amoureuses, et va nous faire pleurer de rire et de tristesse en se penchant sur les charmes et les d\u00e9senchantements de la vie de couple. Ce programme original, concoct\u00e9 sous la forme d\u2019un petit op\u00e9ra sans mise en sc\u00e8ne, a\u2026","rel":"","context":"Article similaire","block_context":{"text":"Article similaire","link":""},"img":{"alt_text":"","src":"https:\/\/i0.wp.com\/chiomedoro.com\/wp-content\/uploads\/2017\/10\/CapriccioDAmore.jpg?fit=1200%2C411&ssl=1&resize=350%2C200","width":350,"height":200,"srcset":"https:\/\/i0.wp.com\/chiomedoro.com\/wp-content\/uploads\/2017\/10\/CapriccioDAmore.jpg?fit=1200%2C411&ssl=1&resize=350%2C200 1x, https:\/\/i0.wp.com\/chiomedoro.com\/wp-content\/uploads\/2017\/10\/CapriccioDAmore.jpg?fit=1200%2C411&ssl=1&resize=525%2C300 1.5x, https:\/\/i0.wp.com\/chiomedoro.com\/wp-content\/uploads\/2017\/10\/CapriccioDAmore.jpg?fit=1200%2C411&ssl=1&resize=700%2C400 2x, https:\/\/i0.wp.com\/chiomedoro.com\/wp-content\/uploads\/2017\/10\/CapriccioDAmore.jpg?fit=1200%2C411&ssl=1&resize=1050%2C600 3x"},"classes":[]},{"id":25,"url":"https:\/\/chiomedoro.com\/index.php\/lensemble\/","url_meta":{"origin":1100,"position":4},"title":"L&rsquo;Ensemble","author":"Admin","date":"26 septembre 2017","format":false,"excerpt":"ENSEMBLE CHIOME D\u2019ORO \u2013 Pierre-Louis R\u00e9tat, direction Fond\u00e9 en 2010 \u00e0 Gen\u00e8ve par le claveciniste Pierre-Louis R\u00e9tat et la soprano Capucine Keller, l\u2019ensemble Chiome d\u2019Oro doit son nom \u00e0 l\u2019un des madrigaux de Claudio Monteverdi \u00e0 qui les musiciens rendent ainsi hommage. D\u00e8s sa premi\u00e8re ann\u00e9e, l\u2019ensemble a b\u00e9n\u00e9fici\u00e9 du\u2026","rel":"","context":"Article similaire","block_context":{"text":"Article similaire","link":""},"img":{"alt_text":"","src":"https:\/\/i0.wp.com\/chiomedoro.com\/wp-content\/uploads\/2017\/09\/img0073.jpg?fit=809%2C435&ssl=1&resize=350%2C200","width":350,"height":200,"srcset":"https:\/\/i0.wp.com\/chiomedoro.com\/wp-content\/uploads\/2017\/09\/img0073.jpg?fit=809%2C435&ssl=1&resize=350%2C200 1x, https:\/\/i0.wp.com\/chiomedoro.com\/wp-content\/uploads\/2017\/09\/img0073.jpg?fit=809%2C435&ssl=1&resize=525%2C300 1.5x, https:\/\/i0.wp.com\/chiomedoro.com\/wp-content\/uploads\/2017\/09\/img0073.jpg?fit=809%2C435&ssl=1&resize=700%2C400 2x"},"classes":[]},{"id":80,"url":"https:\/\/chiomedoro.com\/index.php\/le-theatre-du-monde\/","url_meta":{"origin":1100,"position":5},"title":"Le Th\u00e9\u00e2tre du Monde","author":"Noemie","date":"2 octobre 2017","format":false,"excerpt":"Les affetti dans la musique s\u00e9culaire du\u00a0 XVIIe si\u00e8cle italien Au tournant du\u00a0 XVIIe si\u00e8cle, certains compositeurs ont cherch\u00e9 divers moyens de mettre en sc\u00e8ne les \u00e9motions humaines. Ainsi, pour la premi\u00e8re fois, l\u2019amour, la haine et le d\u00e9sespoir se c\u00f4toient non seulement dans le texte, mais \u00e9galement dans la\u2026","rel":"","context":"Article similaire","block_context":{"text":"Article similaire","link":""},"img":{"alt_text":"","src":"https:\/\/i0.wp.com\/chiomedoro.com\/wp-content\/uploads\/2017\/10\/TheatreDuMonde.jpg?fit=1200%2C411&ssl=1&resize=350%2C200","width":350,"height":200,"srcset":"https:\/\/i0.wp.com\/chiomedoro.com\/wp-content\/uploads\/2017\/10\/TheatreDuMonde.jpg?fit=1200%2C411&ssl=1&resize=350%2C200 1x, https:\/\/i0.wp.com\/chiomedoro.com\/wp-content\/uploads\/2017\/10\/TheatreDuMonde.jpg?fit=1200%2C411&ssl=1&resize=525%2C300 1.5x, https:\/\/i0.wp.com\/chiomedoro.com\/wp-content\/uploads\/2017\/10\/TheatreDuMonde.jpg?fit=1200%2C411&ssl=1&resize=700%2C400 2x, https:\/\/i0.wp.com\/chiomedoro.com\/wp-content\/uploads\/2017\/10\/TheatreDuMonde.jpg?fit=1200%2C411&ssl=1&resize=1050%2C600 3x"},"classes":[]}],"_links":{"self":[{"href":"https:\/\/chiomedoro.com\/index.php\/wp-json\/wp\/v2\/pages\/1100","targetHints":{"allow":["GET"]}}],"collection":[{"href":"https:\/\/chiomedoro.com\/index.php\/wp-json\/wp\/v2\/pages"}],"about":[{"href":"https:\/\/chiomedoro.com\/index.php\/wp-json\/wp\/v2\/types\/page"}],"author":[{"embeddable":true,"href":"https:\/\/chiomedoro.com\/index.php\/wp-json\/wp\/v2\/users\/1"}],"replies":[{"embeddable":true,"href":"https:\/\/chiomedoro.com\/index.php\/wp-json\/wp\/v2\/comments?post=1100"}],"version-history":[{"count":4,"href":"https:\/\/chiomedoro.com\/index.php\/wp-json\/wp\/v2\/pages\/1100\/revisions"}],"predecessor-version":[{"id":1416,"href":"https:\/\/chiomedoro.com\/index.php\/wp-json\/wp\/v2\/pages\/1100\/revisions\/1416"}],"wp:featuredmedia":[{"embeddable":true,"href":"https:\/\/chiomedoro.com\/index.php\/wp-json\/wp\/v2\/media\/1413"}],"wp:attachment":[{"href":"https:\/\/chiomedoro.com\/index.php\/wp-json\/wp\/v2\/media?parent=1100"}],"curies":[{"name":"wp","href":"https:\/\/api.w.org\/{rel}","templated":true}]}}